{"id":909,"date":"2021-04-26T12:57:06","date_gmt":"2021-04-26T12:57:06","guid":{"rendered":"https:\/\/wordpress.ispisanbartolome.edu.ar\/?page_id=909"},"modified":"2021-05-19T16:31:34","modified_gmt":"2021-05-19T19:31:34","slug":"carreras","status":"publish","type":"page","link":"https:\/\/ispisanbartolome.edu.ar\/?page_id=909","title":{"rendered":"CARRERAS"},"content":{"rendered":"<div data-colibri-id=\"909-c1\" class=\"style-748 style-local-909-c1 position-relative\">\n  <!---->\n  <div data-colibri-component=\"section\" data-colibri-id=\"909-c2\" id=\"custom\" class=\"h-section h-section-global-spacing d-flex align-items-lg-center align-items-md-center align-items-center style-1128 style-local-909-c2 position-relative\">\n    <!---->\n    <!---->\n    <div class=\"h-section-grid-container h-section-boxed-container\">\n      <!---->\n      <div data-colibri-id=\"909-c3\" class=\"h-row-container gutters-row-lg-2 gutters-row-md-2 gutters-row-0 gutters-row-v-lg-2 gutters-row-v-md-2 gutters-row-v-2 style-1129 style-local-909-c3 position-relative\">\n        <!---->\n        <div class=\"h-row justify-content-lg-center justify-content-md-center justify-content-center align-items-lg-stretch align-items-md-stretch align-items-stretch gutters-col-lg-2 gutters-col-md-2 gutters-col-0 gutters-col-v-lg-2 gutters-col-v-md-2 gutters-col-v-2\">\n          <!---->\n          <div class=\"h-column h-column-container d-flex h-col-lg-auto h-col-md-auto h-col-auto style-1130-outer style-local-909-c4-outer\">\n            <div data-colibri-id=\"909-c4\" class=\"d-flex h-flex-basis h-column__inner h-ui-empty-state-container h-px-lg-2 h-px-md-2 h-px-2 v-inner-lg-2 v-inner-md-2 v-inner-2 style-1130 style-local-909-c4 position-relative\">\n              <!---->\n              <!---->\n              <div class=\"w-100 h-y-container h-column__content h-column__v-align flex-basis-100\">\n                <!---->\n              <\/div>\n            <\/div>\n          <\/div>\n        <\/div>\n      <\/div>\n    <\/div>\n  <\/div>\n  <div data-colibri-component=\"section\" data-colibri-id=\"909-c5\" id=\"reusable-sections\" class=\"h-section h-section-global-spacing d-flex align-items-lg-center align-items-md-center align-items-center style-1112 style-local-909-c5 position-relative\">\n    <!---->\n    <!---->\n    <div class=\"h-section-grid-container h-section-boxed-container\">\n      <!---->\n      <div data-colibri-id=\"909-c6\" class=\"h-row-container gutters-row-lg-2 gutters-row-md-2 gutters-row-2 gutters-row-v-lg-2 gutters-row-v-md-2 gutters-row-v-2 style-1113 style-local-909-c6 position-relative\">\n        <!---->\n        <div class=\"h-row justify-content-lg-center justify-content-md-center justify-content-center align-items-lg-stretch align-items-md-stretch align-items-stretch gutters-col-lg-2 gutters-col-md-2 gutters-col-2 gutters-col-v-lg-2 gutters-col-v-md-2 gutters-col-v-2\">\n          <!---->\n          <div class=\"h-column h-column-container d-flex h-col-lg-3 h-col-md-3 h-col-12 style-1114-outer style-local-909-c7-outer\">\n            <div data-colibri-id=\"909-c7\" class=\"d-flex h-flex-basis h-column__inner h-px-lg-1 h-px-md-3 h-px-2 v-inner-lg-1 v-inner-md-3 v-inner-2 style-1114 style-local-909-c7 position-relative\">\n              <!---->\n              <!---->\n              <div class=\"w-100 h-y-container h-column__content h-column__v-align flex-basis-100 align-self-lg-center align-self-md-center align-self-center\">\n                <!---->\n                <div data-colibri-id=\"909-c8\" class=\"d-block style-1115 style-local-909-c8 position-relative h-element\">\n                  <!---->\n                  <div class=\"h-image__frame-container-outer\">\n                    <div class=\"h-image__frame-container\">\n                      <!---->\n                      <!---->\n                      <img loading=\"lazy\" decoding=\"async\" width=\"277\" height=\"180\" src=\"https:\/\/ispisanbartolome.edu.ar\/wp-content\/uploads\/2021\/04\/cropped-cropped-cropped-4696381bef0452b9252df50544aa111d-3-1.png\" class=\"wp-image-2085 style-1115-image style-local-909-c8-image\" alt=\"\" \/>\n                      <div class=\"h-image__frame h-hide-lg h-hide-md h-hide-sm style-1115-frameImage style-local-909-c8-frameImage\"><\/div>\n                    <\/div>\n                  <\/div>\n                <\/div>\n                <div data-colibri-id=\"909-c9\" class=\"h-global-transition-all h-heading style-1116 style-local-909-c9 position-relative h-element\">\n                  <!---->\n                  <div class=\"h-heading__outer style-1116 style-local-909-c9\">\n                    <!---->\n                    <!---->\n                    <h5 class=\"\">PROFESORADO\n                      <br> DE INGL\u00c9S<\/h5>\n                  <\/div>\n                <\/div>\n                <div data-colibri-id=\"909-c10\" class=\"h-text h-text-component style-1117 style-local-909-c10 position-relative h-element\">\n                  <!---->\n                  <!---->\n                  <div class=\"\">\n                    <p>Educ. Inicial y Primaria<\/p>\n                  <\/div>\n                <\/div>\n                <div data-colibri-id=\"909-c11\" class=\"h-x-container style-1118 style-local-909-c11 position-relative h-element\">\n                  <!---->\n                  <div class=\"h-x-container-inner style-dynamic-909-c11-group style-1118-spacing style-local-909-c11-spacing\"><span class=\"h-button__outer style-1119-outer style-local-909-c12-outer d-inline-flex h-element\"><a h-use-smooth-scroll=\"true\" href=\"https:\/\/ispisanbartolome.edu.ar\/?page_id=39\"  data-colibri-id=\"909-c12\" class=\"d-flex w-100 align-items-center h-button justify-content-lg-center justify-content-md-center justify-content-center style-1119 style-local-909-c12 position-relative\"><!----><!----> <span>VER M\u00c1S<\/span><\/a>\n                    <\/span>\n                  <\/div>\n                <\/div>\n              <\/div>\n            <\/div>\n          <\/div>\n          <div class=\"h-column h-column-container d-flex h-col-lg-3 h-col-md-3 h-col-12 style-1114-outer style-local-909-c13-outer\">\n            <div data-colibri-id=\"909-c13\" class=\"d-flex h-flex-basis h-column__inner h-px-lg-1 h-px-md-3 h-px-2 v-inner-lg-1 v-inner-md-3 v-inner-2 style-1114 style-local-909-c13 position-relative\">\n              <!---->\n              <!---->\n              <div class=\"w-100 h-y-container h-column__content h-column__v-align flex-basis-100 align-self-lg-center align-self-md-center align-self-center\">\n                <!---->\n                <div data-colibri-id=\"909-c14\" class=\"d-block style-1115 style-local-909-c14 position-relative h-element\">\n                  <!---->\n                  <div class=\"h-image__frame-container-outer\">\n                    <div class=\"h-image__frame-container\">\n                      <!---->\n                      <!---->\n                      <img loading=\"lazy\" decoding=\"async\" width=\"239\" height=\"180\" src=\"https:\/\/ispisanbartolome.edu.ar\/wp-content\/uploads\/2021\/04\/cropped-cropped-cropped-60c80a96d594bc12d321d4a165c8b839.png\" class=\"wp-image-2086 style-1115-image style-local-909-c14-image\" alt=\"\" \/>\n                      <div class=\"h-image__frame h-hide-lg h-hide-md h-hide-sm style-1115-frameImage style-local-909-c14-frameImage\"><\/div>\n                    <\/div>\n                  <\/div>\n                <\/div>\n                <div data-colibri-id=\"909-c15\" class=\"h-global-transition-all h-heading style-1116 style-local-909-c15 position-relative h-element\">\n                  <!---->\n                  <div class=\"h-heading__outer style-1116 style-local-909-c15\">\n                    <!---->\n                    <!---->\n                    <h5 class=\"\">profesoRADO\n                      <br> DE INGL\u00c9S<\/h5>\n                  <\/div>\n                <\/div>\n                <div data-colibri-id=\"909-c16\" class=\"h-text h-text-component style-1117 style-local-909-c16 position-relative h-element\">\n                  <!---->\n                  <!---->\n                  <div class=\"\">\n                    <p>Educaci\u00f3n Secundaria<\/p>\n                  <\/div>\n                <\/div>\n                <div data-colibri-id=\"909-c17\" class=\"h-x-container style-1120 style-local-909-c17 position-relative h-element\">\n                  <!---->\n                  <div class=\"h-x-container-inner style-dynamic-909-c17-group style-1120-spacing style-local-909-c17-spacing\"><span class=\"h-button__outer style-1121-outer style-local-909-c18-outer d-inline-flex h-element\"><a h-use-smooth-scroll=\"true\" href=\"https:\/\/ispisanbartolome.edu.ar\/?page_id=39\"  data-colibri-id=\"909-c18\" class=\"d-flex w-100 align-items-center h-button justify-content-lg-center justify-content-md-center justify-content-center style-1121 style-local-909-c18 position-relative\"><!----><!----> <span>VER M\u00c1S<\/span><\/a>\n                    <\/span>\n                  <\/div>\n                <\/div>\n              <\/div>\n            <\/div>\n          <\/div>\n          <div class=\"h-column h-column-container d-flex h-col-lg-3 h-col-md-3 h-col-12 style-1114-outer style-local-909-c19-outer\">\n            <div data-colibri-id=\"909-c19\" class=\"d-flex h-flex-basis h-column__inner h-px-lg-1 h-px-md-3 h-px-2 v-inner-lg-1 v-inner-md-3 v-inner-2 style-1114 style-local-909-c19 position-relative\">\n              <!---->\n              <!---->\n              <div class=\"w-100 h-y-container h-column__content h-column__v-align flex-basis-100 align-self-lg-center align-self-md-center align-self-center\">\n                <!---->\n                <div data-colibri-id=\"909-c20\" class=\"d-block style-1115 style-local-909-c20 position-relative h-element\">\n                  <!---->\n                  <div class=\"h-image__frame-container-outer\">\n                    <div class=\"h-image__frame-container\">\n                      <!---->\n                      <!---->\n                      <img loading=\"lazy\" decoding=\"async\" width=\"284\" height=\"180\" src=\"https:\/\/ispisanbartolome.edu.ar\/wp-content\/uploads\/2021\/04\/cropped-cropped-cropped-cropped-7a1839c7d12b2263b946cc97ddc88af5.png\" class=\"wp-image-2089 style-1115-image style-local-909-c20-image\" alt=\"\" \/>\n                      <div class=\"h-image__frame h-hide-lg h-hide-md h-hide-sm style-1115-frameImage style-local-909-c20-frameImage\"><\/div>\n                    <\/div>\n                  <\/div>\n                <\/div>\n                <div data-colibri-id=\"909-c21\" class=\"h-global-transition-all h-heading style-1116 style-local-909-c21 position-relative h-element\">\n                  <!---->\n                  <div class=\"h-heading__outer style-1116 style-local-909-c21\">\n                    <!---->\n                    <!---->\n                    <h5 class=\"\">traductorado en ingl\u00e9s<\/h5>\n                  <\/div>\n                <\/div>\n                <div data-colibri-id=\"909-c22\" class=\"style-1122 style-local-909-c22 position-relative h-element\">\n                  <!---->\n                <\/div>\n                <div data-colibri-id=\"909-c23\" class=\"h-x-container style-1123 style-local-909-c23 position-relative h-element\">\n                  <!---->\n                  <div class=\"h-x-container-inner style-dynamic-909-c23-group style-1123-spacing style-local-909-c23-spacing\"><span class=\"h-button__outer style-1124-outer style-local-909-c24-outer d-inline-flex h-element\"><a h-use-smooth-scroll=\"true\" href=\"https:\/\/ispisanbartolome.edu.ar\/?page_id=626\"  data-colibri-id=\"909-c24\" class=\"d-flex w-100 align-items-center h-button justify-content-lg-center justify-content-md-center justify-content-center style-1124 style-local-909-c24 position-relative\"><!----><!----> <span>VER M\u00c1S<\/span><\/a>\n                    <\/span>\n                  <\/div>\n                <\/div>\n              <\/div>\n            <\/div>\n          <\/div>\n          <div class=\"h-column h-column-container d-flex h-col-lg-3 h-col-md-3 h-col-12 style-1114-outer style-local-909-c25-outer\">\n            <div data-colibri-id=\"909-c25\" class=\"d-flex h-flex-basis h-column__inner h-px-lg-1 h-px-md-3 h-px-2 v-inner-lg-1 v-inner-md-3 v-inner-2 style-1114 style-local-909-c25 position-relative\">\n              <!---->\n              <!---->\n              <div class=\"w-100 h-y-container h-column__content h-column__v-align flex-basis-100 align-self-lg-center align-self-md-center align-self-center\">\n                <!---->\n                <div data-colibri-id=\"909-c26\" class=\"d-block style-1115 style-local-909-c26 position-relative h-element\">\n                  <!---->\n                  <div class=\"h-image__frame-container-outer\">\n                    <div class=\"h-image__frame-container\">\n                      <!---->\n                      <!---->\n                      <img loading=\"lazy\" decoding=\"async\" width=\"228\" height=\"180\" src=\"https:\/\/ispisanbartolome.edu.ar\/wp-content\/uploads\/2021\/04\/cropped-cropped-cropped-interpret.png\" class=\"wp-image-2090 style-1115-image style-local-909-c26-image\" alt=\"\" \/>\n                      <div class=\"h-image__frame h-hide-lg h-hide-md h-hide-sm style-1115-frameImage style-local-909-c26-frameImage\"><\/div>\n                    <\/div>\n                  <\/div>\n                <\/div>\n                <div data-colibri-id=\"909-c27\" class=\"h-global-transition-all h-heading style-1116 style-local-909-c27 position-relative h-element\">\n                  <!---->\n                  <div class=\"h-heading__outer style-1116 style-local-909-c27\">\n                    <!---->\n                    <!---->\n                    <h5 class=\"\">interpretariado en INGL\u00c9S<\/h5>\n                  <\/div>\n                <\/div>\n                <div data-colibri-id=\"909-c28\" class=\"style-1125 style-local-909-c28 position-relative h-element\">\n                  <!---->\n                <\/div>\n                <div data-colibri-id=\"909-c29\" class=\"h-x-container style-1126 style-local-909-c29 position-relative h-element\">\n                  <!---->\n                  <div class=\"h-x-container-inner style-dynamic-909-c29-group style-1126-spacing style-local-909-c29-spacing\"><span class=\"h-button__outer style-1127-outer style-local-909-c30-outer d-inline-flex h-element\"><a h-use-smooth-scroll=\"true\" href=\"https:\/\/ispisanbartolome.edu.ar\/?page_id=1209\"  data-colibri-id=\"909-c30\" class=\"d-flex w-100 align-items-center h-button justify-content-lg-center justify-content-md-center justify-content-center style-1127 style-local-909-c30 position-relative\"><!----><!----> <span>VER M\u00c1S<\/span><\/a>\n                    <\/span>\n                  <\/div>\n                <\/div>\n              <\/div>\n            <\/div>\n          <\/div>\n        <\/div>\n      <\/div>\n      <div data-colibri-id=\"909-c31\" class=\"h-row-container gutters-row-lg-2 gutters-row-md-2 gutters-row-0 gutters-row-v-lg-2 gutters-row-v-md-2 gutters-row-v-2 style-1131 style-local-909-c31 position-relative\">\n        <!---->\n        <div class=\"h-row justify-content-lg-center justify-content-md-center justify-content-center align-items-lg-stretch align-items-md-stretch align-items-stretch gutters-col-lg-2 gutters-col-md-2 gutters-col-0 gutters-col-v-lg-2 gutters-col-v-md-2 gutters-col-v-2\">\n          <!---->\n          <div class=\"h-column h-column-container d-flex h-col-lg-auto h-col-md-auto h-col-auto style-1132-outer style-local-909-c32-outer\">\n            <div data-colibri-id=\"909-c32\" class=\"d-flex h-flex-basis h-column__inner h-px-lg-2 h-px-md-2 h-px-2 v-inner-lg-2 v-inner-md-2 v-inner-2 style-1132 style-local-909-c32 position-relative\">\n              <!---->\n              <!---->\n              <div class=\"w-100 h-y-container h-column__content h-column__v-align flex-basis-100 align-self-lg-start align-self-md-start align-self-start\">\n                <!---->\n                <div data-colibri-id=\"909-c33\" class=\"style-1133 style-local-909-c33 position-relative h-element\">\n                  <!---->\n                <\/div>\n              <\/div>\n            <\/div>\n          <\/div>\n        <\/div>\n      <\/div>\n    <\/div>\n  <\/div>\n<\/div>","protected":false},"excerpt":{"rendered":"<p>PROFESORADO DE INGL\u00c9S Educ. Inicial y Primaria VER M\u00c1S profesoRADO DE INGL\u00c9S Educaci\u00f3n Secundaria VER M\u00c1S traductorado en ingl\u00e9s VER M\u00c1S interpretariado en INGL\u00c9S VER M\u00c1S<\/p>\n","protected":false},"author":3,"featured_media":0,"parent":0,"menu_order":0,"comment_status":"closed","ping_status":"closed","template":"page-templates\/full-width-page.php","meta":{"_kadence_starter_templates_imported_post":false,"footnotes":""},"class_list":["post-909","page","type-page","status-publish","hentry"],"_links":{"self":[{"href":"https:\/\/ispisanbartolome.edu.ar\/index.php?rest_route=\/wp\/v2\/pages\/909","targetHints":{"allow":["GET"]}}],"collection":[{"href":"https:\/\/ispisanbartolome.edu.ar\/index.php?rest_route=\/wp\/v2\/pages"}],"about":[{"href":"https:\/\/ispisanbartolome.edu.ar\/index.php?rest_route=\/wp\/v2\/types\/page"}],"author":[{"embeddable":true,"href":"https:\/\/ispisanbartolome.edu.ar\/index.php?rest_route=\/wp\/v2\/users\/3"}],"replies":[{"embeddable":true,"href":"https:\/\/ispisanbartolome.edu.ar\/index.php?rest_route=%2Fwp%2Fv2%2Fcomments&post=909"}],"version-history":[{"count":6,"href":"https:\/\/ispisanbartolome.edu.ar\/index.php?rest_route=\/wp\/v2\/pages\/909\/revisions"}],"predecessor-version":[{"id":2128,"href":"https:\/\/ispisanbartolome.edu.ar\/index.php?rest_route=\/wp\/v2\/pages\/909\/revisions\/2128"}],"wp:attachment":[{"href":"https:\/\/ispisanbartolome.edu.ar\/index.php?rest_route=%2Fwp%2Fv2%2Fmedia&parent=909"}],"curies":[{"name":"wp","href":"https:\/\/api.w.org\/{rel}","templated":true}]}}