{"id":889,"date":"2021-04-25T16:48:14","date_gmt":"2021-04-25T16:48:14","guid":{"rendered":"https:\/\/wordpress.ispisanbartolome.edu.ar\/?page_id=889"},"modified":"2026-03-04T21:12:50","modified_gmt":"2026-03-05T00:12:50","slug":"equipo-de-trabajo","status":"publish","type":"page","link":"https:\/\/ispisanbartolome.edu.ar\/?page_id=889","title":{"rendered":"Equipo de Trabajo"},"content":{"rendered":"<div data-colibri-id=\"889-c1\" class=\"style-712 style-local-889-c1 position-relative\">\n  <!---->\n  <div data-colibri-component=\"section\" data-colibri-id=\"889-c2\" id=\"reusable-sections\" class=\"h-section h-section-global-spacing d-flex align-items-lg-center align-items-md-center align-items-center style-1092 style-local-889-c2 position-relative\">\n    <div class=\"background-wrapper\">\n      <div class=\"background-layer background-layer-media-container-lg\">\n        <!---->\n        <div class=\"overlay-layer\">\n          <div class=\"overlay-image-layer\" style=\"background-color: rgb(0, 0, 0); opacity: 0.5;\"><\/div>\n        <\/div>\n      <\/div>\n      <div class=\"background-layer background-layer-media-container-md\">\n        <!---->\n        <div class=\"overlay-layer\">\n          <div class=\"overlay-image-layer\" style=\"background-color: rgb(0, 0, 0); opacity: 0.5;\"><\/div>\n        <\/div>\n      <\/div>\n      <div class=\"background-layer background-layer-media-container\">\n        <!---->\n        <div class=\"overlay-layer\">\n          <div class=\"overlay-image-layer\" style=\"background-color: rgb(0, 0, 0); opacity: 0.5;\"><\/div>\n        <\/div>\n      <\/div>\n    <\/div>\n    <!---->\n    <div class=\"h-section-grid-container h-section-boxed-container\">\n      <!---->\n      <div data-colibri-id=\"889-c3\" class=\"h-row-container gutters-row-lg-1 gutters-row-md-1 gutters-row-0 gutters-row-v-lg-1 gutters-row-v-md-1 gutters-row-v-1 style-1093 style-local-889-c3 position-relative\">\n        <!---->\n        <div class=\"h-row justify-content-lg-center justify-content-md-center justify-content-center align-items-lg-stretch align-items-md-stretch align-items-stretch gutters-col-lg-1 gutters-col-md-1 gutters-col-0 gutters-col-v-lg-1 gutters-col-v-md-1 gutters-col-v-1\">\n          <!---->\n          <div class=\"h-column h-column-container d-flex h-col-lg-auto h-col-md-auto h-col-auto style-1094-outer style-local-889-c4-outer\">\n            <div data-colibri-id=\"889-c4\" class=\"d-flex h-flex-basis h-column__inner h-px-lg-1 h-px-md-1 h-px-1 v-inner-lg-1 v-inner-md-1 v-inner-1 style-1094 style-local-889-c4 position-relative\">\n              <!---->\n              <!---->\n              <div class=\"w-100 h-y-container h-column__content h-column__v-align flex-basis-100 align-self-lg-start align-self-md-start align-self-start\">\n                <!---->\n                <div data-colibri-id=\"889-c5\" class=\"h-global-transition-all h-heading style-1095 style-local-889-c5 position-relative h-element\">\n                  <!---->\n                  <div class=\"h-heading__outer style-1095 style-local-889-c5\">\n                    <!---->\n                    <!---->\n                    <h1 class=\"\">Equipo de trabajo<\/h1>\n                  <\/div>\n                <\/div>\n              <\/div>\n            <\/div>\n          <\/div>\n        <\/div>\n      <\/div>\n    <\/div>\n  <\/div>\n  <div data-colibri-component=\"section\" data-colibri-id=\"889-c6\" id=\"initial-content\" class=\"h-section h-section-global-spacing d-flex align-items-lg-center align-items-md-center align-items-center style-713 style-local-889-c6 position-relative\">\n    <!---->\n    <!---->\n    <div class=\"h-section-grid-container h-section-boxed-container\">\n      <!---->\n      <div data-colibri-id=\"889-c7\" class=\"h-row-container gutters-row-lg-2 gutters-row-md-2 gutters-row-0 gutters-row-v-lg-2 gutters-row-v-md-2 gutters-row-v-2 style-714 style-local-889-c7 position-relative\">\n        <!---->\n        <div class=\"h-row justify-content-lg-center justify-content-md-center justify-content-center align-items-lg-stretch align-items-md-stretch align-items-stretch gutters-col-lg-2 gutters-col-md-2 gutters-col-0 gutters-col-v-lg-2 gutters-col-v-md-2 gutters-col-v-2\">\n          <!---->\n          <div class=\"h-column h-column-container d-flex h-col-lg-auto h-col-md-auto h-col-auto style-715-outer style-local-889-c8-outer\">\n            <div data-colibri-id=\"889-c8\" class=\"d-flex h-flex-basis h-column__inner h-px-lg-2 h-px-md-2 h-px-2 v-inner-lg-2 v-inner-md-2 v-inner-2 style-715 style-local-889-c8 position-relative\">\n              <!---->\n              <!---->\n              <div class=\"w-100 h-y-container h-column__content h-column__v-align flex-basis-100 align-self-lg-start align-self-md-start align-self-start\">\n                <!---->\n                <div data-colibri-id=\"889-c9\" class=\"h-row-container gutters-row-lg-2 gutters-row-md-2 gutters-row-0 gutters-row-v-lg-2 gutters-row-v-md-2 gutters-row-v-2 style-724 style-local-889-c9 position-relative\">\n                  <!---->\n                  <div class=\"h-row justify-content-lg-center justify-content-md-center justify-content-center align-items-lg-stretch align-items-md-stretch align-items-stretch gutters-col-lg-2 gutters-col-md-2 gutters-col-0 gutters-col-v-lg-2 gutters-col-v-md-2 gutters-col-v-2\">\n                    <!---->\n                    <div class=\"h-column h-column-container d-flex h-col-lg-auto h-col-md-auto h-col-auto style-725-outer style-local-889-c10-outer\">\n                      <div data-colibri-id=\"889-c10\" class=\"d-flex h-flex-basis h-column__inner h-px-lg-2 h-px-md-2 h-px-2 v-inner-lg-2 v-inner-md-2 v-inner-2 style-725 style-local-889-c10 position-relative\">\n                        <!---->\n                        <!---->\n                        <div class=\"w-100 h-y-container h-column__content h-column__v-align flex-basis-100 align-self-lg-start align-self-md-start align-self-start\">\n                          <!---->\n                          <div data-colibri-id=\"889-c11\" class=\"h-text h-text-component style-729 style-local-889-c11 position-relative h-element\">\n                            <!---->\n                            <!---->\n                            <div class=\"\">\n                              <p>Equipo de Gesti\u00f3n:<\/p>\n                            <\/div>\n                          <\/div>\n                          <div data-colibri-id=\"889-c12\" class=\"h-text h-text-component style-730 style-local-889-c12 position-relative h-element\">\n                            <!---->\n                            <!---->\n                            <div class=\"\">\n                              <p><strong style=\"color: rgb(36, 65, 147);\"><u>Director:<\/u><\/strong>&nbsp; Prof. Ariel M. Olmedo<\/p>\n                              <p><strong style=\"color: rgb(229, 36, 33);\"><u>Secretaria:<\/u><\/strong>&nbsp;Prof. Daniela Berrocal&nbsp;<\/p>\n                              <p><strong style=\"color: rgb(36, 65, 147);\"><u>Pro-secretaria:<\/u><\/strong>&nbsp;Prof. Cecilia Laura Taboada&nbsp;<\/p>\n                              <p><strong style=\"color: rgb(229, 36, 33);\"><u>Webmaster:<\/u><\/strong>&nbsp;Prof. Trad. Valeria Miniello&nbsp;<\/p>\n                              <p><strong style=\"color: rgb(36, 65, 147);\"><u>Bibliotecaria:<\/u><\/strong>&nbsp;Srita. Sof\u00eda Weber<\/p>\n                              <p>\n                                <br>\n                              <\/p>\n                            <\/div>\n                          <\/div>\n                          <div data-colibri-id=\"889-c13\" class=\"d-block style-740 style-local-889-c13 position-relative h-element\">\n                            <!---->\n                            <div class=\"h-image__frame-container-outer\">\n                              <div class=\"h-image__frame-container\">\n                                <!---->\n                                <!---->\n                                <img loading=\"lazy\" decoding=\"async\" width=\"772\" height=\"283\" src=\"https:\/\/ispisanbartolome.edu.ar\/wp-content\/uploads\/2021\/04\/cropped-cropped-cropped-01c59670174e4086f5892b59e53edf55_800x320-1-1.png\" class=\"wp-image-2290 style-740-image style-local-889-c13-image\" alt=\"\" srcset=\"https:\/\/ispisanbartolome.edu.ar\/wp-content\/uploads\/2021\/04\/cropped-cropped-cropped-01c59670174e4086f5892b59e53edf55_800x320-1-1.png 772w, https:\/\/ispisanbartolome.edu.ar\/wp-content\/uploads\/2021\/04\/cropped-cropped-cropped-01c59670174e4086f5892b59e53edf55_800x320-1-1-300x110.png 300w, https:\/\/ispisanbartolome.edu.ar\/wp-content\/uploads\/2021\/04\/cropped-cropped-cropped-01c59670174e4086f5892b59e53edf55_800x320-1-1-768x282.png 768w\" sizes=\"auto, (max-width: 772px) 100vw, 772px\" \/>\n                                <div class=\"h-image__frame h-hide-lg h-hide-md h-hide-sm style-740-frameImage style-local-889-c13-frameImage\"><\/div>\n                              <\/div>\n                            <\/div>\n                          <\/div>\n                        <\/div>\n                      <\/div>\n                    <\/div>\n                    <div class=\"h-column h-column-container d-flex h-col-lg-auto h-col-md-auto h-col-auto style-726-outer style-local-889-c14-outer\">\n                      <div data-colibri-id=\"889-c14\" class=\"d-flex h-flex-basis h-column__inner h-px-lg-2 h-px-md-2 h-px-2 v-inner-lg-2 v-inner-md-2 v-inner-2 style-726 style-local-889-c14 position-relative\">\n                        <!---->\n                        <!---->\n                        <div class=\"w-100 h-y-container h-column__content h-column__v-align flex-basis-100 align-self-lg-start align-self-md-start align-self-start\">\n                          <!---->\n                          <div data-colibri-id=\"889-c15\" class=\"h-text h-text-component style-728 style-local-889-c15 position-relative h-element\">\n                            <!---->\n                            <!---->\n                            <div class=\"\">\n                              <p>Equipo Docente<\/p>\n                            <\/div>\n                          <\/div>\n                          <div data-colibri-id=\"889-c16\" class=\"h-row-container gutters-row-lg-2 gutters-row-md-2 gutters-row-0 gutters-row-v-lg-2 gutters-row-v-md-2 gutters-row-v-2 style-731 style-local-889-c16 position-relative\">\n                            <!---->\n                            <div class=\"h-row justify-content-lg-center justify-content-md-center justify-content-center align-items-lg-stretch align-items-md-stretch align-items-stretch gutters-col-lg-2 gutters-col-md-2 gutters-col-0 gutters-col-v-lg-2 gutters-col-v-md-2 gutters-col-v-2\">\n                              <!---->\n                              <div class=\"h-column h-column-container d-flex h-col-lg-auto h-col-md-auto h-col-auto style-732-outer style-local-889-c17-outer\">\n                                <div data-colibri-id=\"889-c17\" class=\"d-flex h-flex-basis h-column__inner h-px-lg-2 h-px-md-2 h-px-2 v-inner-lg-2 v-inner-md-2 v-inner-2 style-732 style-local-889-c17 position-relative\">\n                                  <!---->\n                                  <!---->\n                                  <div class=\"w-100 h-y-container h-column__content h-column__v-align flex-basis-100 align-self-lg-start align-self-md-start align-self-start\">\n                                    <!---->\n                                    <div data-colibri-id=\"889-c18\" class=\"h-text h-text-component style-734 style-local-889-c18 position-relative h-element\">\n                                      <!---->\n                                      <!---->\n                                      <div class=\"\">\n                                        <p>Abbati, Mar\u00eda Carla<\/p>\n                                        <p>Almeyda, Florencia<\/p>\n                                        <p>Aramburu, Soledad<\/p>\n                                        <p>Bad\u00eda, Giselle<\/p>\n                                        <p>Berardo, Lorena<\/p>\n                                        <p>Calzia, Mar\u00eda Silvana<\/p>\n                                        <p>Castillo, Valeria<\/p>\n                                        <p>Catt\u00f3lica, Virginia<\/p>\n                                        <p>Chiod\u00edn, Azul<\/p>\n                                        <p>de la Encina, Ver\u00f3nica<\/p>\n                                        <p>Fazzi, Valquiria<\/p>\n                                        <p>Ferrandis, Adriana<\/p>\n                                        <p>Ferrato, Laura&nbsp;<\/p>\n                                        <p>Foresi, Mar\u00eda Fernanda<\/p>\n                                        <p>Gieco, Laura<\/p>\n                                        <p>Hidalgo, Emilse<\/p>\n                                        <p>Lallita, Lorena<\/p>\n                                        <p>Langanoni, Josefina<\/p>\n                                        <p>Locascio, Carina<\/p>\n                                        <p>\n                                          <br>\n                                        <\/p>\n                                      <\/div>\n                                    <\/div>\n                                  <\/div>\n                                <\/div>\n                              <\/div>\n                              <div class=\"h-column h-column-container d-flex h-col-lg-auto h-col-md-auto h-col-auto style-733-outer style-local-889-c19-outer\">\n                                <div data-colibri-id=\"889-c19\" class=\"d-flex h-flex-basis h-column__inner h-px-lg-2 h-px-md-2 h-px-2 v-inner-lg-2 v-inner-md-2 v-inner-2 style-733 style-local-889-c19 position-relative\">\n                                  <!---->\n                                  <!---->\n                                  <div class=\"w-100 h-y-container h-column__content h-column__v-align flex-basis-100 align-self-lg-start align-self-md-start align-self-start\">\n                                    <!---->\n                                    <div data-colibri-id=\"889-c20\" class=\"h-text h-text-component style-735 style-local-889-c20 position-relative h-element\">\n                                      <!---->\n                                      <!---->\n                                      <div class=\"\">\n                                        <p>Larrosa, Gabriela<\/p>\n                                        <p>Legaspi, Mar\u00eda Noel<\/p>\n                                        <p>Mailhou, Melina<\/p>\n                                        <p>Mart\u00ednez Salat\u00edn, Diana<\/p>\n                                        <p>Mazzaglia, Valeria<\/p>\n                                        <p>Mereatur, Gisela<\/p>\n                                        <p>Miniello, Valeria<\/p>\n                                        <p>Olmedo, Ariel<\/p>\n                                        <p>Ortega, Luciana<\/p>\n                                        <p>Pavetto, Natalia<\/p>\n                                        <p>Piacenza, Paola&nbsp;<\/p>\n                                        <p>Poratti, Dami\u00e1n<\/p>\n                                        <p>Prieto, Mar\u00eda Fernanda<\/p>\n                                        <p>Pugliese, Ma.Eugenia<\/p>\n                                        <p>Rivero, Silvia<\/p>\n                                        <p>Sandr\u00edn, Mar\u00eda Irene<\/p>\n                                        <p>Su\u00e1rez, Ana Paula<\/p>\n                                        <p>Tschopp, Mariano<\/p>\n                                        <p>Virga, Valeria<\/p>\n                                        <p>\n                                          <br>\n                                        <\/p>\n                                      <\/div>\n                                    <\/div>\n                                  <\/div>\n                                <\/div>\n                              <\/div>\n                            <\/div>\n                          <\/div>\n                        <\/div>\n                      <\/div>\n                    <\/div>\n                  <\/div>\n                <\/div>\n              <\/div>\n            <\/div>\n          <\/div>\n        <\/div>\n      <\/div>\n    <\/div>\n  <\/div>\n<\/div>","protected":false},"excerpt":{"rendered":"<p>Equipo de trabajo Equipo de Gesti\u00f3n: Director:&nbsp; Prof. Ariel M. Olmedo Secretaria:&nbsp;Prof. Daniela Berrocal&nbsp; Pro-secretaria:&nbsp;Prof. Cecilia Laura Taboada&nbsp; Webmaster:&nbsp;Prof. Trad. Valeria Miniello&nbsp; Bibliotecaria:&nbsp;Srita. Sof\u00eda Weber Equipo Docente Abbati, Mar\u00eda Carla Almeyda, Florencia Aramburu, Soledad Bad\u00eda, Giselle Berardo, Lorena Calzia, Mar\u00eda Silvana Castillo, Valeria Catt\u00f3lica, Virginia Chiod\u00edn, Azul de la Encina, Ver\u00f3nica Fazzi, Valquiria Ferrandis, Adriana [&hellip;]<\/p>\n","protected":false},"author":3,"featured_media":0,"parent":92,"menu_order":0,"comment_status":"closed","ping_status":"closed","template":"page-templates\/full-width-page.php","meta":{"_kadence_starter_templates_imported_post":false,"footnotes":""},"class_list":["post-889","page","type-page","status-publish","hentry"],"_links":{"self":[{"href":"https:\/\/ispisanbartolome.edu.ar\/index.php?rest_route=\/wp\/v2\/pages\/889","targetHints":{"allow":["GET"]}}],"collection":[{"href":"https:\/\/ispisanbartolome.edu.ar\/index.php?rest_route=\/wp\/v2\/pages"}],"about":[{"href":"https:\/\/ispisanbartolome.edu.ar\/index.php?rest_route=\/wp\/v2\/types\/page"}],"author":[{"embeddable":true,"href":"https:\/\/ispisanbartolome.edu.ar\/index.php?rest_route=\/wp\/v2\/users\/3"}],"replies":[{"embeddable":true,"href":"https:\/\/ispisanbartolome.edu.ar\/index.php?rest_route=%2Fwp%2Fv2%2Fcomments&post=889"}],"version-history":[{"count":10,"href":"https:\/\/ispisanbartolome.edu.ar\/index.php?rest_route=\/wp\/v2\/pages\/889\/revisions"}],"predecessor-version":[{"id":3529,"href":"https:\/\/ispisanbartolome.edu.ar\/index.php?rest_route=\/wp\/v2\/pages\/889\/revisions\/3529"}],"up":[{"embeddable":true,"href":"https:\/\/ispisanbartolome.edu.ar\/index.php?rest_route=\/wp\/v2\/pages\/92"}],"wp:attachment":[{"href":"https:\/\/ispisanbartolome.edu.ar\/index.php?rest_route=%2Fwp%2Fv2%2Fmedia&parent=889"}],"curies":[{"name":"wp","href":"https:\/\/api.w.org\/{rel}","templated":true}]}}