{"id":626,"date":"2021-04-24T15:18:11","date_gmt":"2021-04-24T15:18:11","guid":{"rendered":"https:\/\/wordpress.ispisanbartolome.edu.ar\/?page_id=626"},"modified":"2022-06-24T18:07:19","modified_gmt":"2022-06-24T21:07:19","slug":"traductorado-de-ingles","status":"publish","type":"page","link":"https:\/\/ispisanbartolome.edu.ar\/?page_id=626","title":{"rendered":"Traductorado en ingl\u00e9s"},"content":{"rendered":"<div data-colibri-id=\"626-c1\" class=\"style-532 style-local-626-c1 position-relative\">\n  <!---->\n  <div data-colibri-component=\"section\" data-colibri-id=\"626-c2\" id=\"reusable-sections\" class=\"h-section h-section-global-spacing d-flex align-items-lg-center align-items-md-center align-items-center style-533 style-local-626-c2 position-relative\">\n    <!---->\n    <!---->\n    <div class=\"h-section-grid-container h-section-boxed-container\">\n      <!---->\n      <div data-colibri-id=\"626-c3\" class=\"h-row-container gutters-row-lg-1 gutters-row-md-1 gutters-row-0 gutters-row-v-lg-1 gutters-row-v-md-1 gutters-row-v-1 style-534 style-local-626-c3 position-relative\">\n        <!---->\n        <div class=\"h-row justify-content-lg-center justify-content-md-center justify-content-center align-items-lg-stretch align-items-md-stretch align-items-stretch gutters-col-lg-1 gutters-col-md-1 gutters-col-0 gutters-col-v-lg-1 gutters-col-v-md-1 gutters-col-v-1\">\n          <!---->\n          <div class=\"h-column h-column-container d-flex h-col-lg-auto h-col-md-auto h-col-auto style-535-outer style-local-626-c4-outer\">\n            <div data-colibri-id=\"626-c4\" class=\"d-flex h-flex-basis h-column__inner h-px-lg-1 h-px-md-1 h-px-1 v-inner-lg-1 v-inner-md-1 v-inner-1 style-535 style-local-626-c4 position-relative\">\n              <!---->\n              <!---->\n              <div class=\"w-100 h-y-container h-column__content h-column__v-align flex-basis-100 align-self-lg-start align-self-md-start align-self-start\">\n                <!---->\n                <div data-colibri-id=\"626-c5\" class=\"h-global-transition-all h-heading style-536 style-local-626-c5 position-relative h-element\">\n                  <!---->\n                  <div class=\"h-heading__outer style-536 style-local-626-c5\">\n                    <!---->\n                    <!---->\n                    <h1 class=\"\">Traductorado en ingl\u00e9s<\/h1>\n                  <\/div>\n                <\/div>\n              <\/div>\n            <\/div>\n          <\/div>\n        <\/div>\n      <\/div>\n    <\/div>\n  <\/div>\n  <div data-colibri-component=\"section\" data-colibri-id=\"626-c6\" id=\"reusable-sections-3\" class=\"h-section h-section-global-spacing d-flex align-items-lg-center align-items-md-center align-items-center style-570 style-local-626-c6 position-relative\">\n    <!---->\n    <!---->\n    <div class=\"h-section-grid-container h-section-boxed-container\">\n      <!---->\n      <div data-colibri-id=\"626-c7\" class=\"h-row-container gutters-row-lg-2 gutters-row-md-2 gutters-row-2 gutters-row-v-lg-2 gutters-row-v-md-2 gutters-row-v-2 style-571 style-local-626-c7 position-relative\">\n        <!---->\n        <div class=\"h-row justify-content-lg-center justify-content-md-center justify-content-center align-items-lg-stretch align-items-md-stretch align-items-stretch gutters-col-lg-2 gutters-col-md-2 gutters-col-2 gutters-col-v-lg-2 gutters-col-v-md-2 gutters-col-v-2\">\n          <!---->\n          <div class=\"h-column h-column-container d-flex h-col-lg-3 h-col-md-6 h-col-12 style-572-outer style-local-626-c8-outer\">\n            <div data-colibri-id=\"626-c8\" class=\"d-flex h-flex-basis h-column__inner h-px-lg-3 h-px-md-3 h-px-2 v-inner-lg-3 v-inner-md-3 v-inner-2 style-572 style-local-626-c8 position-relative\">\n              <!---->\n              <!---->\n              <div class=\"w-100 h-y-container h-column__content h-column__v-align flex-basis-100 align-self-lg-center align-self-md-center align-self-center\">\n                <!---->\n                <div data-colibri-id=\"626-c9\" class=\"h-icon style-573 style-local-626-c9 position-relative h-element\">\n                  <!----><span class=\"h-svg-icon h-icon__icon style-573-icon style-local-626-c9-icon\"><!--Icon by Font Awesome (https:\/\/fontawesome.com)--><svg version=\"1.1\" xmlns=\"http:\/\/www.w3.org\/2000\/svg\" xmlns:xlink=\"http:\/\/www.w3.org\/1999\/xlink\" id=\"book\" viewBox=\"0 0 1664 1896.0833\"><path d=\"M1639 478q40 57 18 129l-275 906q-19 64-76.5 107.5T1183 1664H260q-77 0-148.5-53.5T12 1479q-24-67-2-127 0-4 3-27t4-37q1-8-3-21.5t-3-19.5q2-11 8-21t16.5-23.5T52 1179q23-38 45-91.5t30-91.5q3-10 .5-30t-.5-28q3-11 17-28t17-23q21-36 42-92t25-90q1-9-2.5-32t.5-28q4-13 22-30.5t22-22.5q19-26 42.5-84.5T340 411q1-8-3-25.5t-2-26.5q2-8 9-18t18-23 17-21q8-12 16.5-30.5t15-35 16-36 19.5-32 26.5-23.5 36-11.5T556 134l-1 3q38-9 51-9h761q74 0 114 56t18 130l-274 906q-36 119-71.5 153.5T1025 1408H156q-27 0-38 15-11 16-1 43 24 70 144 70h923q29 0 56-15.5t35-41.5l300-987q7-22 5-57 38 15 59 43zm-1064 2q-4 13 2 22.5t20 9.5h608q13 0 25.5-9.5T1247 480l21-64q4-13-2-22.5t-20-9.5H638q-13 0-25.5 9.5T596 416zm-83 256q-4 13 2 22.5t20 9.5h608q13 0 25.5-9.5T1164 736l21-64q4-13-2-22.5t-20-9.5H555q-13 0-25.5 9.5T513 672z\"><\/path><\/svg><\/span><\/div>\n                <div\n                  data-colibri-id=\"626-c10\" class=\"h-global-transition-all h-heading style-574 style-local-626-c10 position-relative h-element\">\n                  <!---->\n                  <div class=\"h-heading__outer style-574 style-local-626-c10\">\n                    <!---->\n                    <!---->\n                    <h4 class=\"\">PLAN DE ESTUDIOS<\/h4>\n                  <\/div>\n              <\/div>\n              <div data-colibri-id=\"626-c11\" class=\"h-text h-text-component style-575 style-local-626-c11 position-relative h-element\">\n                <!---->\n                <!---->\n                <div class=\"\">\n                  <p>Dcto. N\u00ba 2624\/13<\/p>\n                <\/div>\n              <\/div>\n            <\/div>\n          <\/div>\n        <\/div>\n        <div class=\"h-column h-column-container d-flex h-col-lg-3 h-col-md-6 h-col-12 style-572-outer style-local-626-c12-outer\">\n          <div data-colibri-id=\"626-c12\" class=\"d-flex h-flex-basis h-column__inner h-px-lg-3 h-px-md-3 h-px-2 v-inner-lg-3 v-inner-md-3 v-inner-2 style-572 style-local-626-c12 position-relative\">\n            <!---->\n            <!---->\n            <div class=\"w-100 h-y-container h-column__content h-column__v-align flex-basis-100 align-self-lg-center align-self-md-center align-self-center\">\n              <!---->\n              <div data-colibri-id=\"626-c13\" class=\"h-icon style-573 style-local-626-c13 position-relative h-element\">\n                <!----><span class=\"h-svg-icon h-icon__icon style-573-icon style-local-626-c13-icon\"><!--Icon by Font Awesome (https:\/\/fontawesome.com)--><svg version=\"1.1\" xmlns=\"http:\/\/www.w3.org\/2000\/svg\" xmlns:xlink=\"http:\/\/www.w3.org\/1999\/xlink\" id=\"calendar\" viewBox=\"0 0 1672.2646 1896.0833\"><path d=\"M128 1664h288v-288H128v288zm352 0h320v-288H480v288zm-352-352h288V992H128v320zm352 0h320V992H480v320zM128 928h288V640H128v288zm736 736h320v-288H864v288zM480 928h320V640H480v288zm768 736h288v-288h-288v288zm-384-352h320V992H864v320zM512 448V160q0-13-9.5-22.5T480 128h-64q-13 0-22.5 9.5T384 160v288q0 13 9.5 22.5T416 480h64q13 0 22.5-9.5T512 448zm736 864h288V992h-288v320zM864 928h320V640H864v288zm384 0h288V640h-288v288zm32-480V160q0-13-9.5-22.5T1248 128h-64q-13 0-22.5 9.5T1152 160v288q0 13 9.5 22.5t22.5 9.5h64q13 0 22.5-9.5t9.5-22.5zm384-64v1280q0 52-38 90t-90 38H128q-52 0-90-38t-38-90V384q0-52 38-90t90-38h128v-96q0-66 47-113T416 0h64q66 0 113 47t47 113v96h384v-96q0-66 47-113t113-47h64q66 0 113 47t47 113v96h128q52 0 90 38t38 90z\"><\/path><\/svg><\/span><\/div>\n              <div\n                data-colibri-id=\"626-c14\" class=\"h-global-transition-all h-heading style-574 style-local-626-c14 position-relative h-element\">\n                <!---->\n                <div class=\"h-heading__outer style-574 style-local-626-c14\">\n                  <!---->\n                  <!---->\n                  <h4 class=\"\">DURACI\u00d3N<\/h4>\n                <\/div>\n            <\/div>\n            <div data-colibri-id=\"626-c15\" class=\"h-text h-text-component style-575 style-local-626-c15 position-relative h-element\">\n              <!---->\n              <!---->\n              <div class=\"\">\n                <p>3 a\u00f1os<\/p>\n                <p>Cursado presencial<\/p>\n              <\/div>\n            <\/div>\n          <\/div>\n        <\/div>\n      <\/div>\n      <div class=\"h-column h-column-container d-flex h-col-lg-3 h-col-md-6 h-col-12 style-572-outer style-local-626-c16-outer\">\n        <div data-colibri-id=\"626-c16\" class=\"d-flex h-flex-basis h-column__inner h-px-lg-3 h-px-md-3 h-px-2 v-inner-lg-3 v-inner-md-3 v-inner-2 style-572 style-local-626-c16 position-relative\">\n          <!---->\n          <!---->\n          <div class=\"w-100 h-y-container h-column__content h-column__v-align flex-basis-100 align-self-lg-center align-self-md-center align-self-center\">\n            <!---->\n            <div data-colibri-id=\"626-c17\" class=\"h-icon style-573 style-local-626-c17 position-relative h-element\">\n              <!----><span class=\"h-svg-icon h-icon__icon style-573-icon style-local-626-c17-icon\"><!--Icon by Font Awesome (https:\/\/fontawesome.com)--><svg version=\"1.1\" xmlns=\"http:\/\/www.w3.org\/2000\/svg\" xmlns:xlink=\"http:\/\/www.w3.org\/1999\/xlink\" id=\"flag\" viewBox=\"0 0 1792 1896.0833\"><path d=\"M320 256q0 72-64 110v1266q0 13-9.5 22.5T224 1664h-64q-13 0-22.5-9.5T128 1632V366q-64-38-64-110 0-53 37.5-90.5T192 128t90.5 37.5T320 256zm1472 64v763q0 25-12.5 38.5T1740 1149q-215 116-369 116-61 0-123.5-22t-108.5-48-115.5-48-142.5-22q-192 0-464 146-17 9-33 9-26 0-45-19t-19-45V474q0-32 31-55 21-14 79-43 236-120 421-120 107 0 200 29t219 88q38 19 88 19 54 0 117.5-21t110-47 88-47 54.5-21q26 0 45 19t19 45z\"><\/path><\/svg><\/span><\/div>\n            <div\n              data-colibri-id=\"626-c18\" class=\"h-global-transition-all h-heading style-574 style-local-626-c18 position-relative h-element\">\n              <!---->\n              <div class=\"h-heading__outer style-574 style-local-626-c18\">\n                <!---->\n                <!---->\n                <h4 class=\"\">ingreso<\/h4>\n              <\/div>\n          <\/div>\n          <div data-colibri-id=\"626-c19\" class=\"h-text h-text-component style-575 style-local-626-c19 position-relative h-element\">\n            <!---->\n            <!---->\n            <div class=\"\">\n              <p><span style=\"font-weight: 400; font-size: 16px; font-family: &quot;Open Sans&quot;; color: rgb(28, 65, 147);\">Trayecto de acompa\u00f1amiento para ingresantes<\/span><\/p>\n            <\/div>\n          <\/div>\n        <\/div>\n      <\/div>\n    <\/div>\n    <div class=\"h-column h-column-container d-flex h-col-lg-3 h-col-md-6 h-col-12 style-572-outer style-local-626-c20-outer\">\n      <div data-colibri-id=\"626-c20\" class=\"d-flex h-flex-basis h-column__inner h-px-lg-3 h-px-md-3 h-px-2 v-inner-lg-3 v-inner-md-3 v-inner-2 style-572 style-local-626-c20 position-relative\">\n        <!---->\n        <!---->\n        <div class=\"w-100 h-y-container h-column__content h-column__v-align flex-basis-100 align-self-lg-center align-self-md-center align-self-center\">\n          <!---->\n          <div data-colibri-id=\"626-c21\" class=\"h-icon style-573 style-local-626-c21 position-relative h-element\">\n            <!----><span class=\"h-svg-icon h-icon__icon style-573-icon style-local-626-c21-icon\"><!--Icon by Font Awesome (https:\/\/fontawesome.com)--><svg version=\"1.1\" xmlns=\"http:\/\/www.w3.org\/2000\/svg\" xmlns:xlink=\"http:\/\/www.w3.org\/1999\/xlink\" id=\"pencil\" viewBox=\"0 0 1536 1896.0833\"><path d=\"M363 1536l91-91-235-235-91 91v107h128v128h107zm523-928q0-22-22-22-10 0-17 7l-542 542q-7 7-7 17 0 22 22 22 10 0 17-7l542-542q7-7 7-17zm-54-192l416 416-832 832H0v-416zm683 96q0 53-37 90l-166 166-416-416 166-165q36-38 90-38 53 0 91 38l235 234q37 39 37 91z\"><\/path><\/svg><\/span><\/div>\n          <div\n            data-colibri-id=\"626-c22\" class=\"h-global-transition-all h-heading style-574 style-local-626-c22 position-relative h-element\">\n            <!---->\n            <div class=\"h-heading__outer style-574 style-local-626-c22\">\n              <!---->\n              <!---->\n              <h4 class=\"\">HORARIO <\/h4>\n            <\/div>\n        <\/div>\n        <div data-colibri-id=\"626-c23\" class=\"h-text h-text-component style-575 style-local-626-c23 position-relative h-element\">\n          <!---->\n          <!---->\n          <div class=\"\">\n            <p>Lunes a viernes de 16.30 a 22.00 hs.<\/p>\n          <\/div>\n        <\/div>\n      <\/div>\n    <\/div>\n  <\/div>\n<\/div>\n<\/div>\n<\/div>\n<\/div>\n<div data-colibri-component=\"section\" data-colibri-id=\"626-c28\" id=\"reusable-sections-2\" class=\"h-section h-section-global-spacing d-flex align-items-lg-center align-items-md-center align-items-center style-558 style-local-626-c28 position-relative\">\n  <!---->\n  <!---->\n  <div class=\"h-section-grid-container h-section-boxed-container\">\n    <!---->\n    <div data-colibri-id=\"626-c29\" class=\"h-row-container gutters-row-lg-0 gutters-row-md-0 gutters-row-2 gutters-row-v-lg-0 gutters-row-v-md-0 gutters-row-v-2 style-559 style-local-626-c29 position-relative\">\n      <!---->\n      <div class=\"h-row justify-content-lg-center justify-content-md-center justify-content-center align-items-lg-stretch align-items-md-stretch align-items-stretch gutters-col-lg-0 gutters-col-md-0 gutters-col-2 gutters-col-v-lg-0 gutters-col-v-md-0 gutters-col-v-2\">\n        <!---->\n        <div class=\"h-column h-column-container d-flex h-col-lg-auto h-col-md-auto h-col-auto style-560-outer style-local-626-c30-outer\">\n          <div data-colibri-id=\"626-c30\" class=\"d-flex h-flex-basis h-column__inner h-px-lg-0 h-px-md-0 h-px-0 v-inner-lg-0 v-inner-md-0 v-inner-0 style-560 style-local-626-c30 position-relative\">\n            <!---->\n            <!---->\n            <div class=\"w-100 h-y-container h-column__content h-column__v-align flex-basis-100 align-self-lg-start align-self-md-start align-self-start\">\n              <!---->\n              <div data-colibri-id=\"626-c31\" class=\"h-global-transition-all h-heading style-561 style-local-626-c31 position-relative h-element\">\n                <!---->\n                <div class=\"h-heading__outer style-561 style-local-626-c31\">\n                  <!---->\n                  <!---->\n                  <h2 class=\"\">Plan de estudios<\/h2>\n                <\/div>\n              <\/div>\n            <\/div>\n          <\/div>\n        <\/div>\n        <div class=\"h-column h-column-container d-flex h-col-lg-auto h-col-md-auto h-col-auto style-562-outer style-local-626-c32-outer\">\n          <div data-colibri-id=\"626-c32\" class=\"d-flex h-flex-basis h-column__inner h-px-lg-2 h-px-md-3 h-px-2 v-inner-lg-2 v-inner-md-3 v-inner-2 style-562 style-local-626-c32 position-relative\">\n            <!---->\n            <!---->\n            <div class=\"w-100 h-y-container h-column__content h-column__v-align flex-basis-100 align-self-lg-start align-self-md-start align-self-start\">\n              <!---->\n              <div data-colibri-id=\"626-c33\" class=\"h-icon style-563 style-local-626-c33 position-relative h-element\">\n                <!----><span class=\"h-svg-icon h-icon__icon style-563-icon style-local-626-c33-icon\"><!--Icon by Font Awesome (https:\/\/fontawesome.com)--><svg version=\"1.1\" xmlns=\"http:\/\/www.w3.org\/2000\/svg\" xmlns:xlink=\"http:\/\/www.w3.org\/1999\/xlink\" id=\"book\" viewBox=\"0 0 1664 1896.0833\"><path d=\"M1639 478q40 57 18 129l-275 906q-19 64-76.5 107.5T1183 1664H260q-77 0-148.5-53.5T12 1479q-24-67-2-127 0-4 3-27t4-37q1-8-3-21.5t-3-19.5q2-11 8-21t16.5-23.5T52 1179q23-38 45-91.5t30-91.5q3-10 .5-30t-.5-28q3-11 17-28t17-23q21-36 42-92t25-90q1-9-2.5-32t.5-28q4-13 22-30.5t22-22.5q19-26 42.5-84.5T340 411q1-8-3-25.5t-2-26.5q2-8 9-18t18-23 17-21q8-12 16.5-30.5t15-35 16-36 19.5-32 26.5-23.5 36-11.5T556 134l-1 3q38-9 51-9h761q74 0 114 56t18 130l-274 906q-36 119-71.5 153.5T1025 1408H156q-27 0-38 15-11 16-1 43 24 70 144 70h923q29 0 56-15.5t35-41.5l300-987q7-22 5-57 38 15 59 43zm-1064 2q-4 13 2 22.5t20 9.5h608q13 0 25.5-9.5T1247 480l21-64q4-13-2-22.5t-20-9.5H638q-13 0-25.5 9.5T596 416zm-83 256q-4 13 2 22.5t20 9.5h608q13 0 25.5-9.5T1164 736l21-64q4-13-2-22.5t-20-9.5H555q-13 0-25.5 9.5T513 672z\"><\/path><\/svg><\/span><\/div>\n              <div\n                data-colibri-id=\"626-c34\" class=\"h-global-transition-all h-heading style-564 style-local-626-c34 position-relative h-element\">\n                <!---->\n                <div class=\"h-heading__outer style-564 style-local-626-c34\">\n                  <!---->\n                  <!---->\n                  <h5 class=\"\">1ER a\u00f1o<\/h5>\n                <\/div>\n            <\/div>\n            <div data-colibri-id=\"626-c35\" class=\"h-text h-text-component style-565 style-local-626-c35 position-relative h-element\">\n              <!---->\n              <!---->\n              <div class=\"\">\n                <p><span style=\"font-family: Arial, sans-serif;\">Lengua Inglesa I<\/span><\/p>\n                <p><span style=\"font-family: Arial, sans-serif;\">Gram\u00e1tica Inglesa I<\/span><\/p>\n                <p><span style=\"font-family: Arial, sans-serif;\">Fonolog\u00eda y Dicci\u00f3n I<\/span><\/p>\n                <p><span style=\"font-family: Arial, sans-serif;\">Pr\u00e1ctica de la Traducci\u00f3n I<\/span><\/p>\n                <p><span style=\"font-family: Arial, sans-serif;\">Lengua Espa\u00f1ola I<\/span><\/p>\n                <p><span style=\"font-family: Arial, sans-serif;\">Estudios Sociales <\/span><\/p>\n                <p><span style=\"font-family: Arial, sans-serif;\">Literatura Espa\u00f1ola y Latinoamericana I<\/span><\/p>\n                <p><span style=\"font-family: Arial, sans-serif;\">Taller: Cultura y Arte<\/span><\/p>\n              <\/div>\n            <\/div>\n          <\/div>\n        <\/div>\n      <\/div>\n      <div class=\"h-column h-column-container d-flex h-col-lg-auto h-col-md-auto h-col-auto style-562-outer style-local-626-c36-outer\">\n        <div data-colibri-id=\"626-c36\" class=\"d-flex h-flex-basis h-column__inner h-px-lg-2 h-px-md-3 h-px-2 v-inner-lg-2 v-inner-md-3 v-inner-2 style-562 style-local-626-c36 position-relative\">\n          <!---->\n          <!---->\n          <div class=\"w-100 h-y-container h-column__content h-column__v-align flex-basis-100 align-self-lg-start align-self-md-start align-self-start\">\n            <!---->\n            <div data-colibri-id=\"626-c37\" class=\"h-icon style-563 style-local-626-c37 position-relative h-element\">\n              <!----><span class=\"h-svg-icon h-icon__icon style-563-icon style-local-626-c37-icon\"><!--Icon by Font Awesome (https:\/\/fontawesome.com)--><svg version=\"1.1\" xmlns=\"http:\/\/www.w3.org\/2000\/svg\" xmlns:xlink=\"http:\/\/www.w3.org\/1999\/xlink\" id=\"book\" viewBox=\"0 0 1664 1896.0833\"><path d=\"M1639 478q40 57 18 129l-275 906q-19 64-76.5 107.5T1183 1664H260q-77 0-148.5-53.5T12 1479q-24-67-2-127 0-4 3-27t4-37q1-8-3-21.5t-3-19.5q2-11 8-21t16.5-23.5T52 1179q23-38 45-91.5t30-91.5q3-10 .5-30t-.5-28q3-11 17-28t17-23q21-36 42-92t25-90q1-9-2.5-32t.5-28q4-13 22-30.5t22-22.5q19-26 42.5-84.5T340 411q1-8-3-25.5t-2-26.5q2-8 9-18t18-23 17-21q8-12 16.5-30.5t15-35 16-36 19.5-32 26.5-23.5 36-11.5T556 134l-1 3q38-9 51-9h761q74 0 114 56t18 130l-274 906q-36 119-71.5 153.5T1025 1408H156q-27 0-38 15-11 16-1 43 24 70 144 70h923q29 0 56-15.5t35-41.5l300-987q7-22 5-57 38 15 59 43zm-1064 2q-4 13 2 22.5t20 9.5h608q13 0 25.5-9.5T1247 480l21-64q4-13-2-22.5t-20-9.5H638q-13 0-25.5 9.5T596 416zm-83 256q-4 13 2 22.5t20 9.5h608q13 0 25.5-9.5T1164 736l21-64q4-13-2-22.5t-20-9.5H555q-13 0-25.5 9.5T513 672z\"><\/path><\/svg><\/span><\/div>\n            <div\n              data-colibri-id=\"626-c38\" class=\"h-global-transition-all h-heading style-564 style-local-626-c38 position-relative h-element\">\n              <!---->\n              <div class=\"h-heading__outer style-564 style-local-626-c38\">\n                <!---->\n                <!---->\n                <h5 class=\"\">2DO A\u00d1O<\/h5>\n              <\/div>\n          <\/div>\n          <div data-colibri-id=\"626-c39\" class=\"h-text h-text-component style-565 style-local-626-c39 position-relative h-element\">\n            <!---->\n            <!---->\n            <div class=\"\">\n              <p><span style=\"font-family: Arial, sans-serif;\">Lengua Inglesa II<\/span><\/p>\n              <p><span style=\"font-family: Arial, sans-serif;\">Gram\u00e1tica Inglesa II<\/span><\/p>\n              <p><span style=\"font-family: Arial, sans-serif;\">Fonolog\u00eda y Dicci\u00f3n II<\/span><\/p>\n              <p><span style=\"font-family: Arial, sans-serif;\">Pr\u00e1ctica&nbsp;de la Traducci\u00f3n II<\/span><\/p>\n              <p><span style=\"font-family: Arial, sans-serif;\">Literatura Inglesa I<\/span><\/p>\n              <p><span style=\"font-family: Arial, sans-serif;\">Lengua Espa\u00f1ola II<\/span><\/p>\n              <p><span style=\"font-family: Arial, sans-serif;\">Literatura Espa\u00f1ola y Latinoamericana II<\/span><\/p>\n              <p><span style=\"font-family: Arial, sans-serif;\">An\u00e1lisis Contrastivo del Ingl\u00e9s y el Espa\u00f1ol I<\/span>&nbsp;<\/p>\n            <\/div>\n          <\/div>\n        <\/div>\n      <\/div>\n    <\/div>\n    <div class=\"h-column h-column-container d-flex h-col-lg-auto h-col-md-auto h-col-auto style-562-outer style-local-626-c40-outer\">\n      <div data-colibri-id=\"626-c40\" class=\"d-flex h-flex-basis h-column__inner h-px-lg-2 h-px-md-3 h-px-2 v-inner-lg-2 v-inner-md-3 v-inner-2 style-562 style-local-626-c40 position-relative\">\n        <!---->\n        <!---->\n        <div class=\"w-100 h-y-container h-column__content h-column__v-align flex-basis-100 align-self-lg-start align-self-md-start align-self-start\">\n          <!---->\n          <div data-colibri-id=\"626-c41\" class=\"h-icon style-563 style-local-626-c41 position-relative h-element\">\n            <!----><span class=\"h-svg-icon h-icon__icon style-563-icon style-local-626-c41-icon\"><!--Icon by Font Awesome (https:\/\/fontawesome.com)--><svg version=\"1.1\" xmlns=\"http:\/\/www.w3.org\/2000\/svg\" xmlns:xlink=\"http:\/\/www.w3.org\/1999\/xlink\" id=\"book\" viewBox=\"0 0 1664 1896.0833\"><path d=\"M1639 478q40 57 18 129l-275 906q-19 64-76.5 107.5T1183 1664H260q-77 0-148.5-53.5T12 1479q-24-67-2-127 0-4 3-27t4-37q1-8-3-21.5t-3-19.5q2-11 8-21t16.5-23.5T52 1179q23-38 45-91.5t30-91.5q3-10 .5-30t-.5-28q3-11 17-28t17-23q21-36 42-92t25-90q1-9-2.5-32t.5-28q4-13 22-30.5t22-22.5q19-26 42.5-84.5T340 411q1-8-3-25.5t-2-26.5q2-8 9-18t18-23 17-21q8-12 16.5-30.5t15-35 16-36 19.5-32 26.5-23.5 36-11.5T556 134l-1 3q38-9 51-9h761q74 0 114 56t18 130l-274 906q-36 119-71.5 153.5T1025 1408H156q-27 0-38 15-11 16-1 43 24 70 144 70h923q29 0 56-15.5t35-41.5l300-987q7-22 5-57 38 15 59 43zm-1064 2q-4 13 2 22.5t20 9.5h608q13 0 25.5-9.5T1247 480l21-64q4-13-2-22.5t-20-9.5H638q-13 0-25.5 9.5T596 416zm-83 256q-4 13 2 22.5t20 9.5h608q13 0 25.5-9.5T1164 736l21-64q4-13-2-22.5t-20-9.5H555q-13 0-25.5 9.5T513 672z\"><\/path><\/svg><\/span><\/div>\n          <div\n            data-colibri-id=\"626-c42\" class=\"h-global-transition-all h-heading style-564 style-local-626-c42 position-relative h-element\">\n            <!---->\n            <div class=\"h-heading__outer style-564 style-local-626-c42\">\n              <!---->\n              <!---->\n              <h5 class=\"\">3ER A\u00d1O<\/h5>\n            <\/div>\n        <\/div>\n        <div data-colibri-id=\"626-c43\" class=\"h-text h-text-component style-565 style-local-626-c43 position-relative h-element\">\n          <!---->\n          <!---->\n          <div class=\"\">\n            <p><span style=\"font-family: Arial, sans-serif;\">Lengua Inglesa III<\/span><\/p>\n            <p><span style=\"font-family: Arial, sans-serif;\">Ling\u00fc\u00edstica del Discurso<\/span><\/p>\n            <p><span style=\"font-family: Arial, sans-serif;\">Pr\u00e1ctica de la Traducci\u00f3n Cient\u00edfica<\/span><\/p>\n            <p><span style=\"font-family: Arial, sans-serif;\">Pr\u00e1ctica de la Traducci\u00f3n Literaria <\/span><\/p>\n            <p><span style=\"font-family: Arial, sans-serif;\">\u00c9tica Profesional <\/span><\/p>\n            <p><span style=\"font-family: Arial, sans-serif;\">Literatura Inglesa II<\/span><\/p>\n            <p><span style=\"font-family: Arial, sans-serif;\">Lengua Espa\u00f1ola III<\/span><\/p>\n            <p><span style=\"font-family: Arial, sans-serif;\">Literatura Espa\u00f1ola y Latinoamericana III<\/span><\/p>\n            <p><span style=\"font-family: Arial, sans-serif;\">An\u00e1lisis Contrastivo del Ingl\u00e9s y el Espa\u00f1ol II<\/span><\/p>\n            <p><span style=\"font-family: Arial, sans-serif;\">Taller: El Ingl\u00e9s y los Medios<\/span><\/p>\n            <p><span style=\"font-family: Arial, sans-serif;\">Taller: Expresi\u00f3n Oral<\/span><\/p>\n          <\/div>\n        <\/div>\n      <\/div>\n    <\/div>\n  <\/div>\n<\/div>\n<\/div>\n<\/div>\n<\/div>\n<\/div>","protected":false},"excerpt":{"rendered":"<p>Traductorado en ingl\u00e9s PLAN DE ESTUDIOS Dcto. N\u00ba 2624\/13 DURACI\u00d3N 3 a\u00f1os Cursado presencial ingreso Trayecto de acompa\u00f1amiento para ingresantes HORARIO Lunes a viernes de 16.30 a 22.00 hs. Plan de estudios 1ER a\u00f1o Lengua Inglesa I Gram\u00e1tica Inglesa I Fonolog\u00eda y Dicci\u00f3n I Pr\u00e1ctica de la Traducci\u00f3n I Lengua Espa\u00f1ola I Estudios Sociales Literatura [&hellip;]<\/p>\n","protected":false},"author":1,"featured_media":0,"parent":0,"menu_order":0,"comment_status":"closed","ping_status":"closed","template":"page-templates\/full-width-page.php","meta":{"_kadence_starter_templates_imported_post":false,"footnotes":""},"class_list":["post-626","page","type-page","status-publish","hentry"],"_links":{"self":[{"href":"https:\/\/ispisanbartolome.edu.ar\/index.php?rest_route=\/wp\/v2\/pages\/626","targetHints":{"allow":["GET"]}}],"collection":[{"href":"https:\/\/ispisanbartolome.edu.ar\/index.php?rest_route=\/wp\/v2\/pages"}],"about":[{"href":"https:\/\/ispisanbartolome.edu.ar\/index.php?rest_route=\/wp\/v2\/types\/page"}],"author":[{"embeddable":true,"href":"https:\/\/ispisanbartolome.edu.ar\/index.php?rest_route=\/wp\/v2\/users\/1"}],"replies":[{"embeddable":true,"href":"https:\/\/ispisanbartolome.edu.ar\/index.php?rest_route=%2Fwp%2Fv2%2Fcomments&post=626"}],"version-history":[{"count":17,"href":"https:\/\/ispisanbartolome.edu.ar\/index.php?rest_route=\/wp\/v2\/pages\/626\/revisions"}],"predecessor-version":[{"id":2491,"href":"https:\/\/ispisanbartolome.edu.ar\/index.php?rest_route=\/wp\/v2\/pages\/626\/revisions\/2491"}],"wp:attachment":[{"href":"https:\/\/ispisanbartolome.edu.ar\/index.php?rest_route=%2Fwp%2Fv2%2Fmedia&parent=626"}],"curies":[{"name":"wp","href":"https:\/\/api.w.org\/{rel}","templated":true}]}}