{"id":2742,"date":"2023-02-08T08:13:02","date_gmt":"2023-02-08T11:13:02","guid":{"rendered":"https:\/\/ispisanbartolome.edu.ar\/?page_id=2742"},"modified":"2023-02-13T08:42:09","modified_gmt":"2023-02-13T11:42:09","slug":"oficina-virtual","status":"publish","type":"page","link":"https:\/\/ispisanbartolome.edu.ar\/?page_id=2742","title":{"rendered":"Oficina Virtual"},"content":{"rendered":"<div data-colibri-id=\"2742-c1\" class=\"style-1286 style-local-2742-c1 position-relative\">\n  <!---->\n  <div data-colibri-component=\"section\" data-colibri-id=\"2742-c2\" id=\"reusable-sections\" class=\"h-section h-section-global-spacing colibri-featured-img-bg d-flex align-items-lg-center align-items-md-center align-items-center style-1455 style-local-2742-c2 position-relative\">\n    <div class=\"background-wrapper\">\n      <div class=\"background-layer background-layer-media-container-lg\">\n        <!---->\n        <div class=\"overlay-layer\">\n          <div class=\"overlay-image-layer\" style=\"background-color: rgb(0, 0, 0); opacity: 0.17;\"><\/div>\n        <\/div>\n      <\/div>\n      <div class=\"background-layer background-layer-media-container-md\">\n        <!---->\n        <div class=\"overlay-layer\">\n          <div class=\"overlay-image-layer\" style=\"background-color: rgb(0, 0, 0); opacity: 0.17;\"><\/div>\n        <\/div>\n      <\/div>\n      <div class=\"background-layer background-layer-media-container\">\n        <!---->\n        <div class=\"overlay-layer\">\n          <div class=\"overlay-image-layer\" style=\"background-color: rgb(0, 0, 0); opacity: 0.17;\"><\/div>\n        <\/div>\n      <\/div>\n    <\/div>\n    <!---->\n    <div class=\"h-section-grid-container h-section-boxed-container\">\n      <!---->\n      <div data-colibri-id=\"2742-c3\" class=\"h-row-container gutters-row-lg-1 gutters-row-md-1 gutters-row-0 gutters-row-v-lg-1 gutters-row-v-md-1 gutters-row-v-1 style-1456 style-local-2742-c3 position-relative\">\n        <!---->\n        <div class=\"h-row justify-content-lg-center justify-content-md-center justify-content-center align-items-lg-stretch align-items-md-stretch align-items-stretch gutters-col-lg-1 gutters-col-md-1 gutters-col-0 gutters-col-v-lg-1 gutters-col-v-md-1 gutters-col-v-1\">\n          <!---->\n          <div class=\"h-column h-column-container d-flex h-col-lg-auto h-col-md-auto h-col-auto style-1457-outer style-local-2742-c4-outer\">\n            <div data-colibri-id=\"2742-c4\" class=\"d-flex h-flex-basis h-column__inner h-px-lg-1 h-px-md-1 h-px-1 v-inner-lg-1 v-inner-md-1 v-inner-1 style-1457 style-local-2742-c4 position-relative\">\n              <!---->\n              <!---->\n              <div class=\"w-100 h-y-container h-column__content h-column__v-align flex-basis-100 align-self-lg-start align-self-md-start align-self-start\">\n                <!---->\n                <div data-colibri-id=\"2742-c5\" class=\"h-global-transition-all h-heading style-1458 style-local-2742-c5 position-relative h-element\">\n                  <!---->\n                  <div class=\"h-heading__outer style-1458 style-local-2742-c5\">\n                    <!---->\n                    <!---->\n                    <h1 class=\"\">Oficina Virtual&nbsp;ISSB<\/h1>\n                  <\/div>\n                <\/div>\n              <\/div>\n            <\/div>\n          <\/div>\n        <\/div>\n      <\/div>\n    <\/div>\n  <\/div>\n  <div data-colibri-component=\"section\" data-colibri-id=\"2742-c6\" id=\"about\" class=\"h-section h-section-global-spacing d-flex align-items-lg-start align-items-md-start align-items-start style-1287 style-local-2742-c6 position-relative\">\n    <!---->\n    <!---->\n    <div class=\"h-section-grid-container h-section-boxed-container\">\n      <!---->\n      <div data-colibri-id=\"2742-c7\" class=\"h-row-container gutters-row-lg-2 gutters-row-md-2 gutters-row-0 gutters-row-v-lg-2 gutters-row-v-md-2 gutters-row-v-2 style-1399 style-local-2742-c7 position-relative\">\n        <!---->\n        <div class=\"h-row justify-content-lg-center justify-content-md-center justify-content-center align-items-lg-stretch align-items-md-stretch align-items-stretch gutters-col-lg-2 gutters-col-md-2 gutters-col-0 gutters-col-v-lg-2 gutters-col-v-md-2 gutters-col-v-2\">\n          <!---->\n          <div class=\"h-column h-column-container d-flex h-col-lg-auto h-col-md-auto h-col-auto style-1400-outer style-local-2742-c8-outer\">\n            <div data-colibri-id=\"2742-c8\" class=\"d-flex h-flex-basis h-column__inner h-px-lg-2 h-px-md-2 h-px-2 v-inner-lg-2 v-inner-md-2 v-inner-2 style-1400 style-local-2742-c8 position-relative\">\n              <!---->\n              <!---->\n              <div class=\"w-100 h-y-container h-column__content h-column__v-align flex-basis-100 align-self-lg-start align-self-md-start align-self-start\">\n                <!---->\n                <div data-colibri-id=\"2742-c9\" class=\"h-text h-text-component style-1292 style-local-2742-c9 position-relative h-element\">\n                  <!---->\n                  <!---->\n                  <div class=\"\">\n                    <h5><span style=\"font-family: Adamina; color: rgb(176, 27, 9);\">Desde aqu\u00ed se podr\u00e1 acceder a las diferentes solicitudes y consultas relacionadas <br>con la actividad acad\u00e9mica y administrativa de estudiantes y personal del <\/span>\n                      <em\n                        style=\"font-family: Adamina; color: rgb(204, 38, 18);\">Instituto Superior N\u00ba 9123 San Bartolom\u00e9<\/em><span style=\"font-family: Adamina; color: rgb(176, 27, 9);\">.<\/span><\/h5>\n                    <p>\n                      <br>\n                    <\/p>\n                  <\/div>\n                <\/div>\n              <\/div>\n            <\/div>\n          <\/div>\n        <\/div>\n      <\/div>\n      <div data-colibri-id=\"2742-c10\" class=\"h-row-container gutters-row-lg-1 gutters-row-md-1 gutters-row-2 gutters-row-v-lg-1 gutters-row-v-md-1 gutters-row-v-1 style-1288 style-local-2742-c10 position-relative\">\n        <!---->\n        <div class=\"h-row justify-content-lg-center justify-content-md-center justify-content-center align-items-lg-stretch align-items-md-stretch align-items-stretch gutters-col-lg-1 gutters-col-md-1 gutters-col-2 gutters-col-v-lg-1 gutters-col-v-md-1 gutters-col-v-1\">\n          <!---->\n          <div class=\"h-column h-column-container d-flex h-col-lg-auto h-col-md-auto h-col-auto style-1289-outer style-local-2742-c11-outer\">\n            <div data-colibri-id=\"2742-c11\" class=\"d-flex h-flex-basis h-column__inner h-px-lg-1 h-px-md-1 h-px-1 v-inner-lg-1 v-inner-md-1 v-inner-1 style-1289 style-local-2742-c11 position-relative\">\n              <!---->\n              <!---->\n              <div class=\"w-100 h-y-container h-column__content h-column__v-align flex-basis-100 align-self-lg-center align-self-md-center align-self-center\">\n                <!---->\n                <div data-colibri-id=\"2742-c12\" class=\"d-block style-1396 style-local-2742-c12 position-relative h-element\">\n                  <!---->\n                  <div class=\"h-image__frame-container-outer\">\n                    <div class=\"h-image__frame-container\">\n                      <!---->\n                      <!---->\n                      <img decoding=\"async\" src=\"https:\/\/ispisanbartolome.edu.ar\/wp-content\/uploads\/2021\/04\/cropped-cropped-cropped-cropped-01c59670174e4086f5892b59e53edf55_800x320-1-1-300x110.png\" class=\"style-1396-image style-local-2742-c12-image\">\n                      <div class=\"h-image__frame h-hide-lg h-hide-md h-hide-sm style-1396-frameImage style-local-2742-c12-frameImage\"><\/div>\n                    <\/div>\n                  <\/div>\n                <\/div>\n                <div data-colibri-id=\"2742-c13\" class=\"h-x-container style-1293 style-local-2742-c13 position-relative h-element\">\n                  <!---->\n                  <div class=\"h-x-container-inner style-dynamic-2742-c13-group style-1293-spacing style-local-2742-c13-spacing\"><span class=\"h-button__outer style-1294-outer style-local-2742-c14-outer d-inline-flex h-element\"><a h-use-smooth-scroll=\"true\" href=\"https:\/\/ispisanbartolome.edu.ar\/?page_id=2778\"  data-colibri-id=\"2742-c14\" class=\"d-flex w-100 align-items-center h-button justify-content-lg-center justify-content-md-center justify-content-center style-1294 style-local-2742-c14 position-relative\"><!----><!----> <span>\u00c1REA DE ESTUDIANTES<\/span><\/a>\n                    <\/span><span class=\"h-button__outer style-1294-outer style-local-2742-c15-outer d-inline-flex h-element\"><a h-use-smooth-scroll=\"true\" href=\"https:\/\/ispisanbartolome.edu.ar\/?page_id=2786\"  data-colibri-id=\"2742-c15\" class=\"d-flex w-100 align-items-center h-button justify-content-lg-center justify-content-md-center justify-content-center style-1294 style-local-2742-c15 position-relative\"><!----><!----> <span>\u00c1REA DE DOCENTES<\/span><\/a>\n                    <\/span>\n                  <\/div>\n                <\/div>\n              <\/div>\n            <\/div>\n          <\/div>\n          <div class=\"h-column h-column-container d-flex h-col-lg-auto h-col-md-auto h-col-auto style-1295-outer style-local-2742-c16-outer\">\n            <div data-colibri-id=\"2742-c16\" class=\"d-flex h-flex-basis h-column__inner h-px-lg-1 h-px-md-1 h-px-1 v-inner-lg-1 v-inner-md-1 v-inner-1 style-1295 style-local-2742-c16 position-relative\">\n              <!---->\n              <!---->\n              <div class=\"w-100 h-y-container h-column__content h-column__v-align flex-basis-100 align-self-lg-center align-self-md-center align-self-center\">\n                <!---->\n                <div data-colibri-id=\"2742-c17\" class=\"h-multiple-image style-1296 style-local-2742-c17 position-relative h-element\">\n                  <!---->\n                  <div class=\"position-relative\">\n                    <div class=\"h-multiple-image-inside-container\">\n                      <div class=\"ratio-inner\">\n                        <div data-colibri-id=\"2742-c18\" class=\"d-block style-1297 style-local-2742-c18 position-relative h-element\">\n                          <!---->\n                          <div class=\"h-image__frame-container-outer\">\n                            <div class=\"h-image__frame-container\">\n                              <!---->\n                              <div class=\"h-image__overlay style-1297-overlay style-local-2742-c18-overlay\">\n                                <div class=\"overlay-layer\">\n                                  <div class=\"overlay-image-layer\" style=\"background-color: rgb(255, 255, 255); opacity: 0.5;\"><\/div>\n                                <\/div>\n                              <\/div>\n                              <img loading=\"lazy\" decoding=\"async\" width=\"1726\" height=\"1723\" src=\"https:\/\/ispisanbartolome.edu.ar\/wp-content\/uploads\/2023\/02\/cropped-st-celu-scaled-1.jpg\" class=\"style-1296-images style-local-2742-c17-images wp-image-2749 style-1297-image style-local-2742-c18-image\" alt=\"\" srcset=\"https:\/\/ispisanbartolome.edu.ar\/wp-content\/uploads\/2023\/02\/cropped-st-celu-scaled-1.jpg 1726w, https:\/\/ispisanbartolome.edu.ar\/wp-content\/uploads\/2023\/02\/cropped-st-celu-scaled-1-300x300.jpg 300w, https:\/\/ispisanbartolome.edu.ar\/wp-content\/uploads\/2023\/02\/cropped-st-celu-scaled-1-1024x1022.jpg 1024w, https:\/\/ispisanbartolome.edu.ar\/wp-content\/uploads\/2023\/02\/cropped-st-celu-scaled-1-150x150.jpg 150w, https:\/\/ispisanbartolome.edu.ar\/wp-content\/uploads\/2023\/02\/cropped-st-celu-scaled-1-768x767.jpg 768w, https:\/\/ispisanbartolome.edu.ar\/wp-content\/uploads\/2023\/02\/cropped-st-celu-scaled-1-1536x1533.jpg 1536w\" sizes=\"auto, (max-width: 1726px) 100vw, 1726px\" \/>\n                              <div class=\"h-image__frame h-hide-lg h-hide-md h-hide-sm style-1297-frameImage style-local-2742-c18-frameImage\"><\/div>\n                            <\/div>\n                          <\/div>\n                        <\/div>\n                        <div data-colibri-id=\"2742-c19\" class=\"d-block style-1298 style-local-2742-c19 position-relative h-element\">\n                          <!---->\n                          <div class=\"h-image__frame-container-outer\">\n                            <div class=\"h-image__frame-container\">\n                              <!---->\n                              <div class=\"h-image__overlay style-1298-overlay style-local-2742-c19-overlay\">\n                                <div class=\"overlay-layer\">\n                                  <div class=\"overlay-image-layer\" style=\"background-color: rgb(28, 65, 147); opacity: 0.5;\"><\/div>\n                                <\/div>\n                              <\/div>\n                              <img decoding=\"async\" src=\"https:\/\/ispisanbartolome.edu.ar\/wp-content\/uploads\/2023\/02\/colibri-image-485.png\" class=\"style-1296-images style-local-2742-c17-images wp-image- style-1298-image style-local-2742-c19-image\">\n                              <div class=\"h-image__frame h-hide-lg h-hide-md h-hide-sm style-1298-frameImage style-local-2742-c19-frameImage\"><\/div>\n                            <\/div>\n                          <\/div>\n                        <\/div>\n                        <div data-colibri-id=\"2742-c20\" class=\"d-block style-1299 style-local-2742-c20 position-relative h-element\">\n                          <!---->\n                          <div class=\"h-image__frame-container-outer\">\n                            <div class=\"h-image__frame-container\">\n                              <!---->\n                              <div class=\"h-image__overlay style-1299-overlay style-local-2742-c20-overlay\">\n                                <div class=\"overlay-layer\">\n                                  <div class=\"overlay-image-layer\" style=\"background-color: rgb(28, 65, 147); opacity: 0.5;\"><\/div>\n                                <\/div>\n                              <\/div>\n                              <img loading=\"lazy\" decoding=\"async\" width=\"1704\" height=\"2276\" src=\"https:\/\/ispisanbartolome.edu.ar\/wp-content\/uploads\/2023\/02\/cropped-st-con-celu-scaled-1.jpg\" class=\"style-1296-images style-local-2742-c17-images wp-image-2747 style-1299-image style-local-2742-c20-image\" alt=\"\" srcset=\"https:\/\/ispisanbartolome.edu.ar\/wp-content\/uploads\/2023\/02\/cropped-st-con-celu-scaled-1.jpg 1704w, https:\/\/ispisanbartolome.edu.ar\/wp-content\/uploads\/2023\/02\/cropped-st-con-celu-scaled-1-225x300.jpg 225w, https:\/\/ispisanbartolome.edu.ar\/wp-content\/uploads\/2023\/02\/cropped-st-con-celu-scaled-1-767x1024.jpg 767w, https:\/\/ispisanbartolome.edu.ar\/wp-content\/uploads\/2023\/02\/cropped-st-con-celu-scaled-1-768x1026.jpg 768w, https:\/\/ispisanbartolome.edu.ar\/wp-content\/uploads\/2023\/02\/cropped-st-con-celu-scaled-1-1150x1536.jpg 1150w, https:\/\/ispisanbartolome.edu.ar\/wp-content\/uploads\/2023\/02\/cropped-st-con-celu-scaled-1-1533x2048.jpg 1533w\" sizes=\"auto, (max-width: 1704px) 100vw, 1704px\" \/>\n                              <div class=\"h-image__frame h-hide-lg h-hide-md h-hide-sm style-1299-frameImage style-local-2742-c20-frameImage\"><\/div>\n                            <\/div>\n                          <\/div>\n                        <\/div>\n                        <div data-colibri-id=\"2742-c21\" class=\"d-block style-1300 style-local-2742-c21 position-relative h-element\">\n                          <!---->\n                          <div class=\"h-image__frame-container-outer\">\n                            <div class=\"h-image__frame-container\">\n                              <!---->\n                              <div class=\"h-image__overlay style-1300-overlay style-local-2742-c21-overlay\">\n                                <div class=\"overlay-layer\">\n                                  <div class=\"overlay-image-layer\" style=\"background-color: rgb(255, 255, 255); opacity: 0.5;\"><\/div>\n                                <\/div>\n                              <\/div>\n                              <img loading=\"lazy\" decoding=\"async\" width=\"1703\" height=\"1928\" src=\"https:\/\/ispisanbartolome.edu.ar\/wp-content\/uploads\/2023\/02\/cropped-cropped-prof-compu-scaled-1.jpg\" class=\"style-1296-images style-local-2742-c17-images wp-image-2751 style-1300-image style-local-2742-c21-image\" alt=\"\" srcset=\"https:\/\/ispisanbartolome.edu.ar\/wp-content\/uploads\/2023\/02\/cropped-cropped-prof-compu-scaled-1.jpg 1703w, https:\/\/ispisanbartolome.edu.ar\/wp-content\/uploads\/2023\/02\/cropped-cropped-prof-compu-scaled-1-265x300.jpg 265w, https:\/\/ispisanbartolome.edu.ar\/wp-content\/uploads\/2023\/02\/cropped-cropped-prof-compu-scaled-1-904x1024.jpg 904w, https:\/\/ispisanbartolome.edu.ar\/wp-content\/uploads\/2023\/02\/cropped-cropped-prof-compu-scaled-1-768x869.jpg 768w, https:\/\/ispisanbartolome.edu.ar\/wp-content\/uploads\/2023\/02\/cropped-cropped-prof-compu-scaled-1-1357x1536.jpg 1357w\" sizes=\"auto, (max-width: 1703px) 100vw, 1703px\" \/>\n                              <div class=\"h-image__frame h-hide-lg h-hide-md h-hide-sm style-1300-frameImage style-local-2742-c21-frameImage\"><\/div>\n                            <\/div>\n                          <\/div>\n                        <\/div>\n                      <\/div>\n                    <\/div>\n                  <\/div>\n                <\/div>\n              <\/div>\n            <\/div>\n          <\/div>\n        <\/div>\n      <\/div>\n    <\/div>\n  <\/div>\n<\/div>","protected":false},"excerpt":{"rendered":"<p>Oficina Virtual&nbsp;ISSB Desde aqu\u00ed se podr\u00e1 acceder a las diferentes solicitudes y consultas relacionadas con la actividad acad\u00e9mica y administrativa de estudiantes y personal del Instituto Superior N\u00ba 9123 San Bartolom\u00e9. \u00c1REA DE ESTUDIANTES \u00c1REA DE DOCENTES<\/p>\n","protected":false},"author":3,"featured_media":0,"parent":0,"menu_order":0,"comment_status":"closed","ping_status":"closed","template":"page-templates\/full-width-page.php","meta":{"_kadence_starter_templates_imported_post":false,"footnotes":""},"class_list":["post-2742","page","type-page","status-publish","hentry"],"_links":{"self":[{"href":"https:\/\/ispisanbartolome.edu.ar\/index.php?rest_route=\/wp\/v2\/pages\/2742","targetHints":{"allow":["GET"]}}],"collection":[{"href":"https:\/\/ispisanbartolome.edu.ar\/index.php?rest_route=\/wp\/v2\/pages"}],"about":[{"href":"https:\/\/ispisanbartolome.edu.ar\/index.php?rest_route=\/wp\/v2\/types\/page"}],"author":[{"embeddable":true,"href":"https:\/\/ispisanbartolome.edu.ar\/index.php?rest_route=\/wp\/v2\/users\/3"}],"replies":[{"embeddable":true,"href":"https:\/\/ispisanbartolome.edu.ar\/index.php?rest_route=%2Fwp%2Fv2%2Fcomments&post=2742"}],"version-history":[{"count":9,"href":"https:\/\/ispisanbartolome.edu.ar\/index.php?rest_route=\/wp\/v2\/pages\/2742\/revisions"}],"predecessor-version":[{"id":2966,"href":"https:\/\/ispisanbartolome.edu.ar\/index.php?rest_route=\/wp\/v2\/pages\/2742\/revisions\/2966"}],"wp:attachment":[{"href":"https:\/\/ispisanbartolome.edu.ar\/index.php?rest_route=%2Fwp%2Fv2%2Fmedia&parent=2742"}],"curies":[{"name":"wp","href":"https:\/\/api.w.org\/{rel}","templated":true}]}}