{"id":1236,"date":"2021-05-15T23:12:13","date_gmt":"2021-05-15T23:12:13","guid":{"rendered":"https:\/\/wordpress.ispisanbartolome.edu.ar\/?page_id=1236"},"modified":"2022-06-24T17:42:52","modified_gmt":"2022-06-24T20:42:52","slug":"sistema-gestion-de-alumnado","status":"publish","type":"page","link":"https:\/\/ispisanbartolome.edu.ar\/?page_id=1236","title":{"rendered":"Sistema Gesti\u00f3n de Alumnado"},"content":{"rendered":"<div data-colibri-id=\"1236-c1\" class=\"style-898 style-local-1236-c1 position-relative\">\n  <!---->\n  <div data-colibri-component=\"section\" data-colibri-id=\"1236-c2\" id=\"overlappable\" class=\"h-section h-section-global-spacing d-flex align-items-lg-center align-items-md-center align-items-center style-899 style-local-1236-c2 position-relative\">\n    <!---->\n    <!---->\n    <div class=\"h-section-grid-container h-section-boxed-container\">\n      <!---->\n      <div data-colibri-id=\"1236-c3\" class=\"h-row-container gutters-row-lg-0 gutters-row-md-0 gutters-row-0 gutters-row-v-lg-0 gutters-row-v-md-0 gutters-row-v-0 style-900 style-local-1236-c3 position-relative\">\n        <!---->\n        <div class=\"h-row justify-content-lg-center justify-content-md-center justify-content-center align-items-lg-stretch align-items-md-stretch align-items-stretch gutters-col-lg-0 gutters-col-md-0 gutters-col-0 gutters-col-v-lg-0 gutters-col-v-md-0 gutters-col-v-0\">\n          <!---->\n          <div class=\"h-column h-column-container d-flex h-col-lg-6 h-col-md-6 h-col-12 style-901-outer style-local-1236-c4-outer\">\n            <div data-colibri-id=\"1236-c4\" class=\"d-flex h-flex-basis h-column__inner h-ui-empty-state-container h-px-lg-0 h-px-md-0 h-px-0 v-inner-lg-0 v-inner-md-0 v-inner-0 style-901 style-local-1236-c4 position-relative\">\n              <!---->\n              <!---->\n              <div class=\"w-100 h-y-container h-column__content h-column__v-align flex-basis-100\">\n                <!---->\n              <\/div>\n            <\/div>\n          <\/div>\n          <div class=\"h-column h-column-container d-flex h-col-lg-6 h-col-md-6 h-col-12 style-902-outer style-local-1236-c5-outer\">\n            <div data-colibri-id=\"1236-c5\" class=\"d-flex h-flex-basis h-column__inner h-px-lg-2 h-px-md-2 h-px-2 v-inner-lg-2 v-inner-md-2 v-inner-2 style-902 style-local-1236-c5 position-relative\">\n              <!---->\n              <!---->\n              <div class=\"w-100 h-y-container h-column__content h-column__v-align flex-basis-100 align-self-lg-center align-self-md-center align-self-center\">\n                <!---->\n                <div data-colibri-id=\"1236-c6\" class=\"h-global-transition-all h-heading style-903 style-local-1236-c6 position-relative h-element\">\n                  <!---->\n                  <div class=\"h-heading__outer style-903 style-local-1236-c6\">\n                    <!---->\n                    <!---->\n                    <h4 class=\"\"><span style=\"color: rgb(28, 65, 147);\">SISTEMA DE GESTI\u00d3N DE ALUMNADO (sga)<\/span><\/h4>\n                  <\/div>\n                <\/div>\n                <div data-colibri-id=\"1236-c7\" class=\"h-text h-text-component style-904 style-local-1236-c7 position-relative h-element\">\n                  <!---->\n                  <!---->\n                  <div class=\"\">\n                    <p><span style=\"color: rgb(29, 24, 73);\">El Sistema de Gesti\u00f3n de Alumnado le permite al alumno acceder a datos de su situaci\u00f3n acad\u00e9mica, actualizar datos personales, realizar inscripciones a cursado y ex\u00e1menes.<\/span><\/p>\n                    <p><span style=\"color: rgb(29, 24, 73);\">Para la inscripci\u00f3n a ex\u00e1menes, los alumnos deben inscribirse 48 hs h\u00e1biles antes de cada mesa de examen y obtendr\u00e1n un comprobante si completaron el proceso de inscripci\u00f3n correctamente. <\/span><\/p>\n                    <p><span style=\"color: rgb(29, 24, 73);\"> Si no pueden realizar la inscripci\u00f3n, deber\u00e1n comunicarse con el soporte del sistema por cuestiones t\u00e9cnicas gestiondealumnadoissb@gmail.com o con alumnado@ispisanbartolome.edu.ar si se presentan dudas o inconvenientes por correlatividades.<\/span><\/p>\n                    <p><span style=\"color: rgb(29, 24, 73);\">Por cuestiones administrativas contactarse con cobranzas@colegiosanbartolome.edu.ar<\/span><\/p>\n                  <\/div>\n                <\/div>\n              <\/div>\n            <\/div>\n          <\/div>\n          <div class=\"h-column h-column-container d-flex h-col-lg-6 h-col-md-6 h-col-12 style-902-outer style-local-1236-c8-outer\">\n            <div data-colibri-id=\"1236-c8\" class=\"d-flex h-flex-basis h-column__inner h-px-lg-2 h-px-md-2 h-px-2 v-inner-lg-2 v-inner-md-2 v-inner-2 style-902 style-local-1236-c8 position-relative\">\n              <!---->\n              <!---->\n              <div class=\"w-100 h-y-container h-column__content h-column__v-align flex-basis-100 align-self-lg-center align-self-md-center align-self-center\">\n                <!---->\n                <div data-colibri-id=\"1236-c9\" class=\"h-global-transition-all h-heading style-903 style-local-1236-c9 position-relative h-element\">\n                  <!---->\n                  <div class=\"h-heading__outer style-903 style-local-1236-c9\">\n                    <!---->\n                    <!---->\n                    <h4 class=\"\"><span style=\"color: rgb(28, 65, 147);\">sga: SECCIONES Y TR\u00c1MITES<\/span><\/h4>\n                  <\/div>\n                <\/div>\n                <div data-colibri-id=\"1236-c10\" class=\"h-text h-text-component style-904 style-local-1236-c10 position-relative h-element\">\n                  <!---->\n                  <!---->\n                  <div class=\"\">\n                    <ul>\n                      <li>iNSCRIPCI\u00d3N A CURSADO<\/li>\n                      <li>INSCRIPCI\u00d3N A EX\u00c1MENES<\/li>\n                      <li>SEGUIMIENTO DE EVALUACIONES<\/li>\n                      <li>SITUACI\u00d3N ACAD\u00c9MICA<\/li>\n                    <\/ul>\n                  <\/div>\n                <\/div>\n                <div data-colibri-id=\"1236-c11\" class=\"h-x-container style-905 style-local-1236-c11 position-relative h-element\">\n                  <!---->\n                  <div class=\"h-x-container-inner style-dynamic-1236-c11-group style-905-spacing style-local-1236-c11-spacing\"><span class=\"h-button__outer style-906-outer style-local-1236-c12-outer d-inline-flex h-element\"><a h-use-smooth-scroll=\"true\" href=\"http:\/\/alumnadoissb.ispisanbartolome.edu.ar\/alumnadoissb\/admin\/login.htm\"  data-colibri-id=\"1236-c12\" class=\"d-flex w-100 align-items-center h-button justify-content-lg-center justify-content-md-center justify-content-center style-906 style-local-1236-c12 position-relative\"><!----><!----> <span>INGRESAR A SGA<\/span><\/a>\n                    <\/span>\n                  <\/div>\n                <\/div>\n              <\/div>\n            <\/div>\n          <\/div>\n          <div class=\"h-column h-column-container d-flex h-col-lg-6 h-col-md-6 h-col-12 style-907-outer style-local-1236-c13-outer\">\n            <div data-colibri-id=\"1236-c13\" class=\"d-flex h-flex-basis h-column__inner h-ui-empty-state-container h-px-lg-0 h-px-md-0 h-px-0 v-inner-lg-0 v-inner-md-0 v-inner-0 style-907 style-local-1236-c13 position-relative\">\n              <!---->\n              <!---->\n              <div class=\"w-100 h-y-container h-column__content h-column__v-align flex-basis-100\">\n                <!---->\n              <\/div>\n            <\/div>\n          <\/div>\n        <\/div>\n      <\/div>\n    <\/div>\n  <\/div>\n<\/div>","protected":false},"excerpt":{"rendered":"<p>SISTEMA DE GESTI\u00d3N DE ALUMNADO (sga) El Sistema de Gesti\u00f3n de Alumnado le permite al alumno acceder a datos de su situaci\u00f3n acad\u00e9mica, actualizar datos personales, realizar inscripciones a cursado y ex\u00e1menes. Para la inscripci\u00f3n a ex\u00e1menes, los alumnos deben inscribirse 48 hs h\u00e1biles antes de cada mesa de examen y obtendr\u00e1n un comprobante si [&hellip;]<\/p>\n","protected":false},"author":3,"featured_media":0,"parent":0,"menu_order":0,"comment_status":"closed","ping_status":"closed","template":"page-templates\/full-width-page.php","meta":{"_kadence_starter_templates_imported_post":false,"footnotes":""},"class_list":["post-1236","page","type-page","status-publish","hentry"],"_links":{"self":[{"href":"https:\/\/ispisanbartolome.edu.ar\/index.php?rest_route=\/wp\/v2\/pages\/1236","targetHints":{"allow":["GET"]}}],"collection":[{"href":"https:\/\/ispisanbartolome.edu.ar\/index.php?rest_route=\/wp\/v2\/pages"}],"about":[{"href":"https:\/\/ispisanbartolome.edu.ar\/index.php?rest_route=\/wp\/v2\/types\/page"}],"author":[{"embeddable":true,"href":"https:\/\/ispisanbartolome.edu.ar\/index.php?rest_route=\/wp\/v2\/users\/3"}],"replies":[{"embeddable":true,"href":"https:\/\/ispisanbartolome.edu.ar\/index.php?rest_route=%2Fwp%2Fv2%2Fcomments&post=1236"}],"version-history":[{"count":9,"href":"https:\/\/ispisanbartolome.edu.ar\/index.php?rest_route=\/wp\/v2\/pages\/1236\/revisions"}],"predecessor-version":[{"id":2447,"href":"https:\/\/ispisanbartolome.edu.ar\/index.php?rest_route=\/wp\/v2\/pages\/1236\/revisions\/2447"}],"wp:attachment":[{"href":"https:\/\/ispisanbartolome.edu.ar\/index.php?rest_route=%2Fwp%2Fv2%2Fmedia&parent=1236"}],"curies":[{"name":"wp","href":"https:\/\/api.w.org\/{rel}","templated":true}]}}