{"id":1229,"date":"2021-05-15T23:10:45","date_gmt":"2021-05-15T23:10:45","guid":{"rendered":"https:\/\/wordpress.ispisanbartolome.edu.ar\/?page_id=1229"},"modified":"2023-03-21T08:08:10","modified_gmt":"2023-03-21T11:08:10","slug":"examenes","status":"publish","type":"page","link":"https:\/\/ispisanbartolome.edu.ar\/?page_id=1229","title":{"rendered":"Ex\u00e1menes"},"content":{"rendered":"<div data-colibri-id=\"1229-c1\" class=\"style-908 style-local-1229-c1 position-relative\">\n  <!---->\n  <div data-colibri-component=\"section\" data-colibri-id=\"1229-c2\" id=\"reusable-sections\" class=\"h-section h-section-global-spacing d-flex align-items-lg-center align-items-md-center align-items-center style-1080 style-local-1229-c2 position-relative\">\n    <div class=\"background-wrapper\">\n      <div class=\"background-layer background-layer-media-container-lg\">\n        <!---->\n        <div class=\"overlay-layer\">\n          <div class=\"overlay-image-layer\" style=\"background-color: rgb(0, 0, 0); opacity: 0.5;\"><\/div>\n        <\/div>\n      <\/div>\n      <div class=\"background-layer background-layer-media-container-md\">\n        <!---->\n        <div class=\"overlay-layer\">\n          <div class=\"overlay-image-layer\" style=\"background-color: rgb(0, 0, 0); opacity: 0.5;\"><\/div>\n        <\/div>\n      <\/div>\n      <div class=\"background-layer background-layer-media-container\">\n        <!---->\n        <div class=\"overlay-layer\">\n          <div class=\"overlay-image-layer\" style=\"background-color: rgb(0, 0, 0); opacity: 0.5;\"><\/div>\n        <\/div>\n      <\/div>\n    <\/div>\n    <!---->\n    <div class=\"h-section-grid-container h-section-boxed-container\">\n      <!---->\n      <div data-colibri-id=\"1229-c3\" class=\"h-row-container gutters-row-lg-1 gutters-row-md-1 gutters-row-0 gutters-row-v-lg-1 gutters-row-v-md-1 gutters-row-v-1 style-1081 style-local-1229-c3 position-relative\">\n        <!---->\n        <div class=\"h-row justify-content-lg-center justify-content-md-center justify-content-center align-items-lg-stretch align-items-md-stretch align-items-stretch gutters-col-lg-1 gutters-col-md-1 gutters-col-0 gutters-col-v-lg-1 gutters-col-v-md-1 gutters-col-v-1\">\n          <!---->\n          <div class=\"h-column h-column-container d-flex h-col-lg-auto h-col-md-auto h-col-auto style-1082-outer style-local-1229-c4-outer\">\n            <div data-colibri-id=\"1229-c4\" class=\"d-flex h-flex-basis h-column__inner h-px-lg-1 h-px-md-1 h-px-1 v-inner-lg-1 v-inner-md-1 v-inner-1 style-1082 style-local-1229-c4 position-relative\">\n              <!---->\n              <!---->\n              <div class=\"w-100 h-y-container h-column__content h-column__v-align flex-basis-100 align-self-lg-start align-self-md-start align-self-start\">\n                <!---->\n                <div data-colibri-id=\"1229-c5\" class=\"h-global-transition-all h-heading style-1083 style-local-1229-c5 position-relative h-element\">\n                  <!---->\n                  <div class=\"h-heading__outer style-1083 style-local-1229-c5\">\n                    <!---->\n                    <!---->\n                    <h1 class=\"\">Ex\u00e1menes finales y mesas especiales<\/h1>\n                  <\/div>\n                <\/div>\n              <\/div>\n            <\/div>\n          <\/div>\n        <\/div>\n      <\/div>\n    <\/div>\n  <\/div>\n  <div data-colibri-component=\"section\" data-colibri-id=\"1229-c6\" id=\"overlappable\" class=\"h-section h-section-global-spacing d-flex align-items-lg-center align-items-md-center align-items-center style-909 style-local-1229-c6 position-relative\">\n    <!---->\n    <!---->\n    <div class=\"h-section-grid-container h-section-boxed-container\">\n      <!---->\n      <div data-colibri-id=\"1229-c7\" class=\"h-row-container gutters-row-lg-0 gutters-row-md-0 gutters-row-2 gutters-row-v-lg-0 gutters-row-v-md-0 gutters-row-v-2 style-910 style-local-1229-c7 position-relative\">\n        <!---->\n        <div class=\"h-row justify-content-lg-center justify-content-md-center justify-content-center align-items-lg-stretch align-items-md-stretch align-items-stretch gutters-col-lg-0 gutters-col-md-0 gutters-col-2 gutters-col-v-lg-0 gutters-col-v-md-0 gutters-col-v-2\">\n          <!---->\n          <div class=\"h-column h-column-container d-flex h-col-lg-6 h-col-md-6 h-col-12 style-911-outer style-local-1229-c8-outer\">\n            <div data-colibri-id=\"1229-c8\" class=\"d-flex h-flex-basis h-column__inner h-px-lg-3 h-px-md-3 h-px-2 v-inner-lg-3 v-inner-md-3 v-inner-2 style-911 style-local-1229-c8 position-relative\">\n              <!---->\n              <!---->\n              <div class=\"w-100 h-y-container h-column__content h-column__v-align flex-basis-100 align-self-lg-start align-self-md-start align-self-start\">\n                <!---->\n                <div data-colibri-id=\"1229-c9\" class=\"h-icon style-912 style-local-1229-c9 position-relative h-element\">\n                  <!----><span class=\"h-svg-icon h-icon__icon style-912-icon style-local-1229-c9-icon\"><!--Icon by Font Awesome (https:\/\/fontawesome.com)--><svg version=\"1.1\" xmlns=\"http:\/\/www.w3.org\/2000\/svg\" xmlns:xlink=\"http:\/\/www.w3.org\/1999\/xlink\" id=\"file-text-o\" viewBox=\"0 0 1611.2499 1896.0833\"><path d=\"M1468 380q28 28 48 76t20 88v1152q0 40-28 68t-68 28H96q-40 0-68-28t-28-68V96q0-40 28-68T96 0h896q40 0 88 20t76 48zm-444-244v376h376q-10-29-22-41l-313-313q-12-12-41-22zm384 1528V640H992q-40 0-68-28t-28-68V128H128v1536h1280zM384 800q0-14 9-23t23-9h704q14 0 23 9t9 23v64q0 14-9 23t-23 9H416q-14 0-23-9t-9-23v-64zm736 224q14 0 23 9t9 23v64q0 14-9 23t-23 9H416q-14 0-23-9t-9-23v-64q0-14 9-23t23-9h704zm0 256q14 0 23 9t9 23v64q0 14-9 23t-23 9H416q-14 0-23-9t-9-23v-64q0-14 9-23t23-9h704z\"><\/path><\/svg><\/span><\/div>\n                <div\n                  data-colibri-id=\"1229-c10\" class=\"h-global-transition-all h-heading style-913 style-local-1229-c10 position-relative h-element\">\n                  <!---->\n                  <div class=\"h-heading__outer style-913 style-local-1229-c10\">\n                    <!---->\n                    <!---->\n                    <h5 class=\"\">Ex\u00e1menes finales<\/h5>\n                  <\/div>\n              <\/div>\n              <div data-colibri-id=\"1229-c11\" class=\"h-text h-text-component style-914 style-local-1229-c11 position-relative h-element\">\n                <!---->\n                <!---->\n                <div class=\"\">\n                  <p>La inscripci\u00f3n a ex\u00e1menes para todos los turnos se realizar\u00e1 \u00fanicamente desde el Sistema de Gesti\u00f3n de Alumnado (SGA). Es responsabilidad de los estudiantes inscribirse\n                    <u>48 hs h\u00e1biles antes<\/u> de cada mesa de examen.\n                    <u style=\"color: rgb(39, 66, 76);\">Si no lo realizan en la fecha correcta, no figurar\u00e1n en acta y no podr\u00e1n rendir<\/u>. Se sugiere imprimir o guardar su comprobante de inscripci\u00f3n.<\/p>\n                <\/div>\n              <\/div>\n              <div data-colibri-id=\"1229-c12\" class=\"h-x-container style-915 style-local-1229-c12 position-relative h-element\">\n                <!---->\n                <div class=\"h-x-container-inner style-dynamic-1229-c12-group style-915-spacing style-local-1229-c12-spacing\"><span class=\"h-link__outer style-916-outer style-local-1229-c13-outer d-inline-flex h-element\"><a h-use-smooth-scroll=\"true\" href=\"https:\/\/ispisanbartolome.edu.ar\/wp-content\/uploads\/2022\/06\/Cronograma-de-examenes-Julio-Agosto-2022-PROFESORADO-1-nuevo.pdf\"  data-colibri-id=\"1229-c13\" class=\"d-flex w-100 align-items-center h-link style-916 style-local-1229-c13 position-relative\"><!----><!----> <span>Descargar Cronograma Profesorado<\/span>                  <span class=\"h-svg-icon h-link__icon style-916-icon style-local-1229-c13-icon\"><!--Icon by Icons8 Line Awesome (https:\/\/icons8.com\/line-awesome)--><svg version=\"1.1\" xmlns=\"http:\/\/www.w3.org\/2000\/svg\" xmlns:xlink=\"http:\/\/www.w3.org\/1999\/xlink\" id=\"angle-double-right\" viewBox=\"0 0 512 545.5\"><path d=\"M145.5 108.5l168 168L325 288l-11.5 11.5-168 168-22.5-23L279.5 288 123 131.5zm112 0l168 168L437 288l-11.5 11.5-168 168-22.5-23L391.5 288 235 131.5z\"><\/path><\/svg><\/span><\/a>\n                  <\/span><span class=\"h-link__outer style-916-outer style-local-1229-c14-outer d-inline-flex h-element\"><a h-use-smooth-scroll=\"true\" href=\"https:\/\/ispisanbartolome.edu.ar\/wp-content\/uploads\/2022\/06\/Cronograma-de-examenes-Julio-Agosto-2022-TRADUCTORADO.pdf\"  data-colibri-id=\"1229-c14\" class=\"d-flex w-100 align-items-center h-link style-916 style-local-1229-c14 position-relative\"><!----><!----> <span>Descargar Cronograma Traductorado<\/span>                  <span class=\"h-svg-icon h-link__icon style-916-icon style-local-1229-c14-icon\"><!--Icon by Icons8 Line Awesome (https:\/\/icons8.com\/line-awesome)--><svg version=\"1.1\" xmlns=\"http:\/\/www.w3.org\/2000\/svg\" xmlns:xlink=\"http:\/\/www.w3.org\/1999\/xlink\" id=\"angle-double-right\" viewBox=\"0 0 512 545.5\"><path d=\"M145.5 108.5l168 168L325 288l-11.5 11.5-168 168-22.5-23L279.5 288 123 131.5zm112 0l168 168L437 288l-11.5 11.5-168 168-22.5-23L391.5 288 235 131.5z\"><\/path><\/svg><\/span><\/a>\n                  <\/span>\n                <\/div>\n              <\/div>\n            <\/div>\n          <\/div>\n        <\/div>\n        <div class=\"h-column h-column-container d-flex h-col-lg-6 h-col-md-6 h-col-12 style-911-outer style-local-1229-c15-outer\">\n          <div data-colibri-id=\"1229-c15\" class=\"d-flex h-flex-basis h-column__inner h-px-lg-3 h-px-md-3 h-px-2 v-inner-lg-3 v-inner-md-3 v-inner-2 style-911 style-local-1229-c15 position-relative\">\n            <!---->\n            <!---->\n            <div class=\"w-100 h-y-container h-column__content h-column__v-align flex-basis-100 align-self-lg-start align-self-md-start align-self-start\">\n              <!---->\n              <div data-colibri-id=\"1229-c16\" class=\"h-icon style-912 style-local-1229-c16 position-relative h-element\">\n                <!----><span class=\"h-svg-icon h-icon__icon style-912-icon style-local-1229-c16-icon\"><!--Icon by Font Awesome (https:\/\/fontawesome.com)--><svg version=\"1.1\" xmlns=\"http:\/\/www.w3.org\/2000\/svg\" xmlns:xlink=\"http:\/\/www.w3.org\/1999\/xlink\" id=\"file-text\" viewBox=\"0 0 1611.2499 1896.0833\"><path d=\"M1468 476q14 14 28 36h-472V40q22 14 36 28zM992 640h544v1056q0 40-28 68t-68 28H96q-40 0-68-28t-28-68V96q0-40 28-68T96 0h800v544q0 40 28 68t68 28zm160 736v-64q0-14-9-23t-23-9H416q-14 0-23 9t-9 23v64q0 14 9 23t23 9h704q14 0 23-9t9-23zm0-256v-64q0-14-9-23t-23-9H416q-14 0-23 9t-9 23v64q0 14 9 23t23 9h704q14 0 23-9t9-23zm0-256v-64q0-14-9-23t-23-9H416q-14 0-23 9t-9 23v64q0 14 9 23t23 9h704q14 0 23-9t9-23z\"><\/path><\/svg><\/span><\/div>\n              <div\n                data-colibri-id=\"1229-c17\" class=\"h-global-transition-all h-heading style-913 style-local-1229-c17 position-relative h-element\">\n                <!---->\n                <div class=\"h-heading__outer style-913 style-local-1229-c17\">\n                  <!---->\n                  <!---->\n                  <h5 class=\"\">mesas especiales<\/h5>\n                <\/div>\n            <\/div>\n            <div data-colibri-id=\"1229-c18\" class=\"h-text h-text-component style-914 style-local-1229-c18 position-relative h-element\">\n              <!---->\n              <!---->\n              <div class=\"\">\n                <p>Las mesas especiales se otorgan en los casos previstos en la normativa vigente y en fechas seg\u00fan Calendario Escolar.&nbsp;La inscripci\u00f3n para las mesas de agosto ser\u00e1\n                  <u> <\/u>\n                  <u style=\"color: rgb(80, 70, 127);\">entre el 17\/4&nbsp;y el 19\/4<\/u>. Las mesas especiales se tomar\u00e1n\n                  <u style=\"color: rgb(76, 70, 127);\">la \u00faltima semana de abril<\/u> en fechas y horarios a confirmar entre los inscriptos.<\/p>\n                <h6>Solicitar inscripci\u00f3n por Oficina Virtual&nbsp;<\/h6>\n              <\/div>\n            <\/div>\n            <div data-colibri-id=\"1229-c19\" class=\"h-x-container style-915 style-local-1229-c19 position-relative h-element\">\n              <!---->\n              <div class=\"h-x-container-inner style-dynamic-1229-c19-group style-915-spacing style-local-1229-c19-spacing\"><span class=\"h-link__outer style-916-outer style-local-1229-c20-outer d-inline-flex h-element\"><a h-use-smooth-scroll=\"true\" href=\"https:\/\/wordpress.ispisanbartolome.edu.ar\/wp-content\/uploads\/2021\/05\/solicitud-mesa-especial.doc\" target=\"_blank\" data-colibri-id=\"1229-c20\" class=\"d-flex w-100 align-items-center h-link style-916 style-local-1229-c20 position-relative\" rel=\"noopener\"><!----><!----> <span>Descargar Solicitud de Mesa Especial<\/span>                <span class=\"h-svg-icon h-link__icon style-916-icon style-local-1229-c20-icon\"><!--Icon by Icons8 Line Awesome (https:\/\/icons8.com\/line-awesome)--><svg version=\"1.1\" xmlns=\"http:\/\/www.w3.org\/2000\/svg\" xmlns:xlink=\"http:\/\/www.w3.org\/1999\/xlink\" id=\"angle-double-right\" viewBox=\"0 0 512 545.5\"><path d=\"M145.5 108.5l168 168L325 288l-11.5 11.5-168 168-22.5-23L279.5 288 123 131.5zm112 0l168 168L437 288l-11.5 11.5-168 168-22.5-23L391.5 288 235 131.5z\"><\/path><\/svg><\/span><\/a>\n                <\/span>\n              <\/div>\n            <\/div>\n          <\/div>\n        <\/div>\n      <\/div>\n    <\/div>\n  <\/div>\n<\/div>\n<\/div>\n<\/div>","protected":false},"excerpt":{"rendered":"<p>Ex\u00e1menes finales y mesas especiales Ex\u00e1menes finales La inscripci\u00f3n a ex\u00e1menes para todos los turnos se realizar\u00e1 \u00fanicamente desde el Sistema de Gesti\u00f3n de Alumnado (SGA). Es responsabilidad de los estudiantes inscribirse 48 hs h\u00e1biles antes de cada mesa de examen. Si no lo realizan en la fecha correcta, no figurar\u00e1n en acta y no [&hellip;]<\/p>\n","protected":false},"author":3,"featured_media":0,"parent":0,"menu_order":0,"comment_status":"closed","ping_status":"closed","template":"page-templates\/full-width-page.php","meta":{"_kadence_starter_templates_imported_post":false,"footnotes":""},"class_list":["post-1229","page","type-page","status-publish","hentry"],"_links":{"self":[{"href":"https:\/\/ispisanbartolome.edu.ar\/index.php?rest_route=\/wp\/v2\/pages\/1229","targetHints":{"allow":["GET"]}}],"collection":[{"href":"https:\/\/ispisanbartolome.edu.ar\/index.php?rest_route=\/wp\/v2\/pages"}],"about":[{"href":"https:\/\/ispisanbartolome.edu.ar\/index.php?rest_route=\/wp\/v2\/types\/page"}],"author":[{"embeddable":true,"href":"https:\/\/ispisanbartolome.edu.ar\/index.php?rest_route=\/wp\/v2\/users\/3"}],"replies":[{"embeddable":true,"href":"https:\/\/ispisanbartolome.edu.ar\/index.php?rest_route=%2Fwp%2Fv2%2Fcomments&post=1229"}],"version-history":[{"count":16,"href":"https:\/\/ispisanbartolome.edu.ar\/index.php?rest_route=\/wp\/v2\/pages\/1229\/revisions"}],"predecessor-version":[{"id":3048,"href":"https:\/\/ispisanbartolome.edu.ar\/index.php?rest_route=\/wp\/v2\/pages\/1229\/revisions\/3048"}],"wp:attachment":[{"href":"https:\/\/ispisanbartolome.edu.ar\/index.php?rest_route=%2Fwp%2Fv2%2Fmedia&parent=1229"}],"curies":[{"name":"wp","href":"https:\/\/api.w.org\/{rel}","templated":true}]}}