{"id":1046,"date":"2021-04-28T19:01:00","date_gmt":"2021-04-28T19:01:00","guid":{"rendered":"https:\/\/wordpress.ispisanbartolome.edu.ar\/?page_id=1046"},"modified":"2025-09-12T21:40:46","modified_gmt":"2025-09-13T00:40:46","slug":"ingreso","status":"publish","type":"page","link":"https:\/\/ispisanbartolome.edu.ar\/?page_id=1046","title":{"rendered":"Ingreso"},"content":{"rendered":"<div class=\"style-803 style-local-1046-c1 position-relative\" data-colibri-id=\"1046-c1\">\n<div id=\"reusable-sections\" class=\"h-section h-section-global-spacing d-flex align-items-lg-center align-items-md-center align-items-center style-816 style-local-1046-c2 position-relative\" data-colibri-component=\"section\" data-colibri-id=\"1046-c2\">\n<div class=\"background-wrapper\">\n<div class=\"background-layer background-layer-media-container-lg\">\n<div class=\"overlay-layer\">\n<div class=\"overlay-image-layer\" style=\"background-color: #000000; opacity: 0.5;\"><\/div>\n<\/div>\n<\/div>\n<div class=\"background-layer background-layer-media-container-md\">\n<div class=\"overlay-layer\">\n<div class=\"overlay-image-layer\" style=\"background-color: #000000; opacity: 0.5;\"><\/div>\n<\/div>\n<\/div>\n<div class=\"background-layer background-layer-media-container\">\n<div class=\"overlay-layer\">\n<div class=\"overlay-image-layer\" style=\"background-color: #000000; opacity: 0.5;\"><\/div>\n<\/div>\n<\/div>\n<\/div>\n<div class=\"h-section-grid-container h-section-boxed-container\">\n<div class=\"h-row-container gutters-row-lg-1 gutters-row-md-1 gutters-row-0 gutters-row-v-lg-1 gutters-row-v-md-1 gutters-row-v-1 style-817 style-local-1046-c3 position-relative\" data-colibri-id=\"1046-c3\">\n<div class=\"h-row justify-content-lg-center justify-content-md-center justify-content-center align-items-lg-stretch align-items-md-stretch align-items-stretch gutters-col-lg-1 gutters-col-md-1 gutters-col-0 gutters-col-v-lg-1 gutters-col-v-md-1 gutters-col-v-1\">\n<div class=\"h-column h-column-container d-flex h-col-lg-auto h-col-md-auto h-col-auto style-818-outer style-local-1046-c4-outer\">\n<div class=\"d-flex h-flex-basis h-column__inner h-px-lg-1 h-px-md-1 h-px-1 v-inner-lg-1 v-inner-md-1 v-inner-1 style-818 style-local-1046-c4 position-relative\" data-colibri-id=\"1046-c4\">\n<div class=\"w-100 h-y-container h-column__content h-column__v-align flex-basis-100 align-self-lg-start align-self-md-start align-self-start\">\n<div class=\"h-global-transition-all h-heading style-819 style-local-1046-c5 position-relative h-element\" data-colibri-id=\"1046-c5\">\n<div class=\"h-heading__outer style-819 style-local-1046-c5\">\n<h1 class=\"\">Ingreso 2026<\/h1>\n<\/div>\n<\/div>\n<\/div>\n<\/div>\n<\/div>\n<\/div>\n<\/div>\n<div class=\"h-row-container gutters-row-lg-1 gutters-row-md-1 gutters-row-0 gutters-row-v-lg-1 gutters-row-v-md-1 gutters-row-v-1 style-820 style-local-1046-c6 position-relative\" data-colibri-id=\"1046-c6\">\n<div class=\"h-row justify-content-lg-center justify-content-md-center justify-content-center align-items-lg-stretch align-items-md-stretch align-items-stretch gutters-col-lg-1 gutters-col-md-1 gutters-col-0 gutters-col-v-lg-1 gutters-col-v-md-1 gutters-col-v-1\">\n<div class=\"h-column h-column-container d-flex h-col-lg-auto h-col-md-auto h-col-auto style-821-outer style-local-1046-c7-outer\">\n<div class=\"d-flex h-flex-basis h-column__inner h-px-lg-1 h-px-md-1 h-px-1 v-inner-lg-1 v-inner-md-1 v-inner-1 style-821 style-local-1046-c7 position-relative\" data-colibri-id=\"1046-c7\">\n<div class=\"w-100 h-y-container h-column__content h-column__v-align flex-basis-100 align-self-lg-start align-self-md-start align-self-start\">\n<div class=\"h-global-transition-all h-heading style-822 style-local-1046-c8 position-relative h-element\" data-colibri-id=\"1046-c8\">\n<div class=\"h-heading__outer style-822 style-local-1046-c8\">\n<h3 class=\"\">Informaci\u00f3n \u00fatil para ingresantes<\/h3>\n<\/div>\n<\/div>\n<\/div>\n<\/div>\n<\/div>\n<\/div>\n<\/div>\n<\/div>\n<\/div>\n<div id=\"content\" class=\"h-section h-section-global-spacing d-flex align-items-lg-center align-items-md-center align-items-center style-1063 style-local-1046-c9 position-relative\" data-colibri-component=\"section\" data-colibri-id=\"1046-c9\">\n<div class=\"h-section-grid-container h-section-boxed-container\">\n<div class=\"h-row-container gutters-row-lg-2 gutters-row-md-2 gutters-row-2 gutters-row-v-lg-2 gutters-row-v-md-2 gutters-row-v-2 style-1064 style-local-1046-c10 position-relative\" data-colibri-id=\"1046-c10\">\n<div class=\"h-row justify-content-lg-center justify-content-md-center justify-content-center align-items-lg-stretch align-items-md-stretch align-items-stretch gutters-col-lg-2 gutters-col-md-2 gutters-col-2 gutters-col-v-lg-2 gutters-col-v-md-2 gutters-col-v-2\">\n<div class=\"h-column h-column-container d-flex h-col-lg-auto h-col-md-auto h-col-auto style-1065-outer style-local-1046-c11-outer\">\n<div class=\"d-flex h-flex-basis h-column__inner h-px-lg-0 h-px-md-0 h-px-0 v-inner-lg-0 v-inner-md-0 v-inner-0 style-1065 style-local-1046-c11 position-relative\" data-colibri-id=\"1046-c11\">\n<div class=\"w-100 h-y-container h-column__content h-column__v-align flex-basis-100 align-self-lg-start align-self-md-start align-self-start\">\n<div class=\"h-row-container gutters-row-lg-2 gutters-row-md-2 gutters-row-2 gutters-row-v-lg-2 gutters-row-v-md-2 gutters-row-v-2 style-1066 style-local-1046-c12 position-relative\" data-colibri-id=\"1046-c12\">\n<div class=\"h-row justify-content-lg-center justify-content-md-center justify-content-center align-items-lg-stretch align-items-md-stretch align-items-stretch gutters-col-lg-2 gutters-col-md-2 gutters-col-2 gutters-col-v-lg-2 gutters-col-v-md-2 gutters-col-v-2\">\n<div class=\"h-column h-column-container d-flex h-col-lg-auto h-col-md-auto h-col-auto style-1067-outer style-local-1046-c13-outer\">\n<div class=\"d-flex h-flex-basis h-column__inner h-px-lg-0 h-px-md-0 h-px-0 v-inner-lg-0 v-inner-md-0 v-inner-0 style-1067 style-local-1046-c13 position-relative\" data-colibri-id=\"1046-c13\">\n<div class=\"w-100 h-y-container h-column__content h-column__v-align flex-basis-100 align-self-lg-center align-self-md-center align-self-center\">\n<div class=\"h-global-transition-all h-heading style-1068 style-local-1046-c14 position-relative h-element\" data-colibri-id=\"1046-c14\">\n<div class=\"h-heading__outer style-1068 style-local-1046-c14\">\n<h4 class=\"\"><span style=\"color: #e52421;\">Requisitos obligatorios para TODOS los ingresantes<\/span><\/h4>\n<\/div>\n<\/div>\n<div class=\"h-text h-text-component style-1069 style-local-1046-c15 position-relative h-element\" data-colibri-id=\"1046-c15\">\n<div class=\"\">\n\n<span style=\"color: #1c4193;\">\u00a0A) Presentar ficha de inscripci\u00f3n (en caso de ser menor de 18 a\u00f1os se requerir\u00e1 firma de Padre \/ Madre o Tutor en presencia del Responsable del Instituto).<\/span>\n\n<span style=\"color: #1c4193;\">B) Presentar fotocopia legalizada del t\u00edtulo secundario (en caso de no haberlo obtenido a\u00fan, presentar original de la constancia de alumno regular o de t\u00edtulo en tr\u00e1mite). En el caso de aspirantes al Interpretariado, deben presentar el certificado anal\u00edtico de la carrera de Traductorado y constancia de t\u00edtulo en tr\u00e1mite, si no han egresado a\u00fan.<\/span>\n\n<span style=\"color: #1c4193;\">C) Presentar 2 fotos carnet color (4 x 4).<\/span>\n\n<span style=\"color: #1c4193;\">D) Presentar fotocopia del D.N.I.<\/span>\n\n<span style=\"color: #1c4193;\">E) Presentar certificado m\u00e9dico de aptitud f\u00edsica estampillado.<\/span>\n\n<span style=\"color: #1c4193;\">F) Efectivizar el pago de matr\u00edcula .<\/span>\n\n<span style=\"color: #1c4193;\">G) Cursar el<\/span><strong style=\"color: #1c4193;\">\u00a0 Trayecto de acompa\u00f1amiento para ingresantes<\/strong>\n\n<\/div>\n<\/div>\n<\/div>\n<\/div>\n<\/div>\n<div class=\"h-column h-column-container d-flex h-col-lg-auto h-col-md-auto h-col-auto style-1070-outer style-local-1046-c16-outer\">\n<div class=\"d-flex h-flex-basis h-column__inner h-ui-empty-state-container h-px-lg-0 h-px-md-0 h-px-0 v-inner-lg-0 v-inner-md-0 v-inner-0 style-1070 style-local-1046-c16 position-relative\" data-colibri-id=\"1046-c16\">\n<div class=\"w-100 h-y-container h-column__content h-column__v-align flex-basis-100\"><\/div>\n<\/div>\n<\/div>\n<\/div>\n<\/div>\n<div class=\"h-row-container gutters-row-lg-2 gutters-row-md-2 gutters-row-2 gutters-row-v-lg-2 gutters-row-v-md-2 gutters-row-v-2 style-1066 style-local-1046-c17 position-relative\" data-colibri-id=\"1046-c17\">\n<div class=\"h-row justify-content-lg-center justify-content-md-center justify-content-center align-items-lg-stretch align-items-md-stretch align-items-stretch gutters-col-lg-2 gutters-col-md-2 gutters-col-2 gutters-col-v-lg-2 gutters-col-v-md-2 gutters-col-v-2\">\n<div class=\"h-column h-column-container d-flex h-col-lg-auto h-col-md-auto h-col-auto style-1071-outer style-local-1046-c18-outer\">\n<div class=\"d-flex h-flex-basis h-column__inner h-ui-empty-state-container h-px-lg-0 h-px-md-0 h-px-0 v-inner-lg-0 v-inner-md-0 v-inner-0 style-1071 style-local-1046-c18 position-relative\" data-colibri-id=\"1046-c18\">\n<div class=\"w-100 h-y-container h-column__content h-column__v-align flex-basis-100\"><\/div>\n<\/div>\n<\/div>\n<div class=\"h-column h-column-container d-flex h-col-lg-auto h-col-md-auto h-col-auto style-1067-outer style-local-1046-c19-outer\">\n<div class=\"d-flex h-flex-basis h-column__inner h-px-lg-0 h-px-md-0 h-px-0 v-inner-lg-0 v-inner-md-0 v-inner-0 style-1067 style-local-1046-c19 position-relative\" data-colibri-id=\"1046-c19\">\n<div class=\"w-100 h-y-container h-column__content h-column__v-align flex-basis-100 align-self-lg-center align-self-md-center align-self-center\">\n<div class=\"h-global-transition-all h-heading style-1068 style-local-1046-c20 position-relative h-element\" data-colibri-id=\"1046-c20\">\n<div class=\"h-heading__outer style-1068 style-local-1046-c20\">\n<h4 class=\"\"><span style=\"color: #e52421;\">Requisitos para los aspirantes a Interpretariado Simult\u00e1neo en Ingl\u00e9s:<\/span><\/h4>\n<\/div>\n<\/div>\n<div class=\"h-text h-text-component style-1072 style-local-1046-c21 position-relative h-element\" data-colibri-id=\"1046-c21\">\n<div class=\"\">\n\n<em style=\"color: #1c4193;\">Pueden aspirar a ingresar a la carrera aquellos traductores con t\u00edtulo obtenido en instituciones con reconocimiento oficial. Las vacantes son limitadas. Aquellos ingresantes que sean matriculados del Colegio de Traductores de Santa Fe (2da Circ.) deben presentar su constancia de matr\u00edcula activa para gozar de una bonificaci\u00f3n del 20% en los costos de la carrera por convenio con dicha instituci\u00f3n.<\/em>\n\n<span style=\"color: #1c4193;\">Ante cualquier duda, dirija sus consultas a la Oficina de Alumnado:<\/span>\u00a0<span style=\"color: #e52421;\">alumnado@ispisanbartolome.edu.ar<\/span>\n\n<\/div>\n<\/div>\n<\/div>\n<\/div>\n<\/div>\n<\/div>\n<\/div>\n<div class=\"h-row-container gutters-row-lg-2 gutters-row-md-2 gutters-row-2 gutters-row-v-lg-2 gutters-row-v-md-2 gutters-row-v-2 style-1066 style-local-1046-c22 position-relative\" data-colibri-id=\"1046-c22\">\n<div class=\"h-row justify-content-lg-center justify-content-md-center justify-content-center align-items-lg-stretch align-items-md-stretch align-items-stretch gutters-col-lg-2 gutters-col-md-2 gutters-col-2 gutters-col-v-lg-2 gutters-col-v-md-2 gutters-col-v-2\">\n<div class=\"h-column h-column-container d-flex h-col-lg-auto h-col-md-auto h-col-auto style-1067-outer style-local-1046-c23-outer\">\n<div class=\"d-flex h-flex-basis h-column__inner h-px-lg-0 h-px-md-0 h-px-0 v-inner-lg-0 v-inner-md-0 v-inner-0 style-1067 style-local-1046-c23 position-relative\" data-colibri-id=\"1046-c23\">\n<div class=\"w-100 h-y-container h-column__content h-column__v-align flex-basis-100 align-self-lg-center align-self-md-center align-self-center\">\n<div class=\"style-1079 style-local-1046-c24 position-relative h-element\" data-colibri-id=\"1046-c24\"><\/div>\n<div class=\"h-x-container style-814 style-local-1046-c25 position-relative h-element\" data-colibri-id=\"1046-c25\">\n<div class=\"h-x-container-inner style-dynamic-1046-c25-group style-814-spacing style-local-1046-c25-spacing\"><span class=\"h-button__outer style-815-outer style-local-1046-c26-outer d-inline-flex h-element\"><a class=\"d-flex w-100 align-items-center h-button justify-content-lg-center justify-content-md-center justify-content-center style-815 style-local-1046-c26 position-relative\" href=\"https:\/\/ispisanbartolome.edu.ar\/wp-content\/uploads\/2021\/10\/planilla-inscripcion-prof-ytrad-2021.docx\" data-colibri-id=\"1046-c26\"> FICHA DE INSCRIPCI\u00d3N PROFESORADO<\/a>\n<\/span><span class=\"h-button__outer style-815-outer style-local-1046-c27-outer d-inline-flex h-element\"><a class=\"d-flex w-100 align-items-center h-button justify-content-lg-center justify-content-md-center justify-content-center style-815 style-local-1046-c27 position-relative\" href=\"https:\/\/ispisanbartolome.edu.ar\/wp-content\/uploads\/2021\/10\/planilla-inscripcion-prof-ytrad-2021.docx\" data-colibri-id=\"1046-c27\"> FICHA DE INSCRIPCI\u00d3N TRADUCTORADO<\/a>\n<\/span><span class=\"h-button__outer style-815-outer style-local-1046-c28-outer d-inline-flex h-element\"><a class=\"d-flex w-100 align-items-center h-button justify-content-lg-center justify-content-md-center justify-content-center style-815 style-local-1046-c28 position-relative\" href=\"https:\/\/ispisanbartolome.edu.ar\/wp-content\/uploads\/2021\/10\/planilla-inscripcion-interpretariado-2021.docx\" data-colibri-id=\"1046-c28\"> FICHA DE INSCRIPCI\u00d3N INTERPRETARIADO<\/a>\n<\/span><\/div>\n<\/div>\n<\/div>\n<\/div>\n<\/div>\n<div class=\"h-column h-column-container d-flex h-col-lg-auto h-col-md-auto h-col-auto style-1074-outer style-local-1046-c29-outer\">\n<div class=\"d-flex h-flex-basis h-column__inner h-ui-empty-state-container h-px-lg-0 h-px-md-0 h-px-0 v-inner-lg-0 v-inner-md-0 v-inner-0 style-1074 style-local-1046-c29 position-relative\" data-colibri-id=\"1046-c29\">\n<div class=\"w-100 h-y-container h-column__content h-column__v-align flex-basis-100\"><\/div>\n<\/div>\n<\/div>\n<\/div>\n<\/div>\n<\/div>\n<\/div>\n<\/div>\n<\/div>\n<\/div>\n<\/div>\n<\/div>\n<\/div>","protected":false},"excerpt":{"rendered":"<p>Ingreso 2026 Informaci\u00f3n \u00fatil para ingresantes Requisitos obligatorios para TODOS los ingresantes \u00a0A) Presentar ficha de inscripci\u00f3n (en caso de ser menor de 18 a\u00f1os se requerir\u00e1 firma de Padre \/ Madre o Tutor en presencia del Responsable del Instituto). B) Presentar fotocopia legalizada del t\u00edtulo secundario (en caso de no haberlo obtenido a\u00fan, presentar [&hellip;]<\/p>\n","protected":false},"author":3,"featured_media":0,"parent":0,"menu_order":0,"comment_status":"closed","ping_status":"closed","template":"page-templates\/full-width-page.php","meta":{"_kadence_starter_templates_imported_post":false,"footnotes":""},"class_list":["post-1046","page","type-page","status-publish","hentry"],"_links":{"self":[{"href":"https:\/\/ispisanbartolome.edu.ar\/index.php?rest_route=\/wp\/v2\/pages\/1046","targetHints":{"allow":["GET"]}}],"collection":[{"href":"https:\/\/ispisanbartolome.edu.ar\/index.php?rest_route=\/wp\/v2\/pages"}],"about":[{"href":"https:\/\/ispisanbartolome.edu.ar\/index.php?rest_route=\/wp\/v2\/types\/page"}],"author":[{"embeddable":true,"href":"https:\/\/ispisanbartolome.edu.ar\/index.php?rest_route=\/wp\/v2\/users\/3"}],"replies":[{"embeddable":true,"href":"https:\/\/ispisanbartolome.edu.ar\/index.php?rest_route=%2Fwp%2Fv2%2Fcomments&post=1046"}],"version-history":[{"count":16,"href":"https:\/\/ispisanbartolome.edu.ar\/index.php?rest_route=\/wp\/v2\/pages\/1046\/revisions"}],"predecessor-version":[{"id":3486,"href":"https:\/\/ispisanbartolome.edu.ar\/index.php?rest_route=\/wp\/v2\/pages\/1046\/revisions\/3486"}],"wp:attachment":[{"href":"https:\/\/ispisanbartolome.edu.ar\/index.php?rest_route=%2Fwp%2Fv2%2Fmedia&parent=1046"}],"curies":[{"name":"wp","href":"https:\/\/api.w.org\/{rel}","templated":true}]}}